{"id":1612,"date":"2021-09-23T08:21:28","date_gmt":"2021-09-23T06:21:28","guid":{"rendered":"https:\/\/ekom-vzt.cz\/?page_id=1612"},"modified":"2021-09-23T08:21:28","modified_gmt":"2021-09-23T06:21:28","slug":"lueftungstechnik","status":"publish","type":"page","link":"https:\/\/ekom-vzt.cz\/de\/lueftungstechnik\/","title":{"rendered":"L\u00fcftungstechnik"},"content":{"rendered":"<div class=\"fusion-fullwidth fullwidth-box fusion-builder-row-1 nonhundred-percent-fullwidth non-hundred-percent-height-scrolling fusion-equal-height-columns\" style=\"background-color: rgba(255,255,255,0);background-position: center center;background-repeat: no-repeat;padding-top:30px;padding-right:0px;padding-bottom:70px;padding-left:0px;margin-bottom: 0px;margin-top: 0px;border-width: 0px 0px 0px 0px;border-color:#eae9e9;border-style:solid;\" ><div class=\"fusion-builder-row fusion-row\"><div class=\"fusion-layout-column fusion_builder_column fusion-builder-column-0 fusion_builder_column_1_3 1_3 fusion-one-third fusion-column-first\" style=\"width:33.333333333333%;width:calc(33.333333333333% - ( ( 4% ) * 0.33333333333333 ) );margin-right: 4%;margin-top:0px;margin-bottom:20px;\"><div class=\"fusion-column-wrapper fusion-flex-column-wrapper-legacy fusion-empty-column-bg-image fusion-empty-dims-bg-image\" style=\"background-image: url(&#039;http:\/\/ekom-vzt.cz\/wp-content\/uploads\/2018\/04\/vzduchotechnika.jpg&#039;);background-position:center center;background-repeat:no-repeat;-webkit-background-size:cover;-moz-background-size:cover;-o-background-size:cover;background-size:cover;padding: 0px 0px 0px 0px;\" data-bg-url=\"http:\/\/ekom-vzt.cz\/wp-content\/uploads\/2018\/04\/vzduchotechnika.jpg\"><img class=\"fusion-empty-dims-img-placeholder fusion-no-large-visibility\" src=\"data:image\/gif;base64,R0lGODlhAQABAAAAACH5BAEKAAEALAAAAAABAAEAAAICTAEAOw==\"><div class=\"fusion-clearfix\"><\/div><\/div><\/div><div class=\"fusion-layout-column fusion_builder_column fusion-builder-column-1 fusion_builder_column_2_3 2_3 fusion-two-third fusion-column-last checklist-blok\" style=\"width:66.666666666667%;width:calc(66.666666666667% - ( ( 4% ) * 0.66666666666667 ) );margin-top:0px;margin-bottom:20px;\"><div class=\"fusion-column-wrapper fusion-flex-column-wrapper-legacy\" style=\"background-position:left top;background-repeat:no-repeat;-webkit-background-size:cover;-moz-background-size:cover;-o-background-size:cover;background-size:cover;padding: 0px 0px 0px 0px;\"><div class=\"fusion-text fusion-text-1\"><p>Die Herstellung und Montage von l\u00fcftungstechnischen Teilen f\u00fcr die Luftaufbereitung und -verteilung, insbesondere f\u00fcr Industriebetriebe, ist eine der Hauptaktivit\u00e4ten unseres Unternehmens.<\/p>\n<p>Zu den von uns realisierten Auftr\u00e4gen geh\u00f6rt jedoch auch die Montage der L\u00fcftungstechnik f\u00fcr Wohnr\u00e4ume.<\/p>\n<\/div><div class=\"fusion-sep-clear\"><\/div><div class=\"fusion-separator fusion-has-icon fusion-full-width-sep fusion-clearfix\" style=\"float:left;margin-top:20px;margin-bottom:40px;width:100%;\"><div class=\"fusion-separator-border sep-single sep-solid\" style=\"border-color:#e0e0e2;border-top-width:1px;\"><\/div><span class=\"icon-wrapper\" style=\"border-color:#e0e0e2;background-color:#ffffff;font-size:16px;width: 1.75em; height: 1.75em;border-width:1px;padding:1px;margin-top:-0.5px\"><i class=\" fa fa-angle-double-down\" style=\"font-size: inherit;color:#e0e0e2;\" aria-hidden=\"true\"><\/i><\/span><div class=\"fusion-separator-border sep-single sep-solid\" style=\"border-color:#e0e0e2;border-top-width:1px;\"><\/div><\/div><div class=\"fusion-sep-clear\"><\/div><style type=\"text\/css\"><\/style><div class=\"fusion-title title fusion-title-1 fusion-sep-none fusion-title-text fusion-title-size-three\" style=\"margin-top:0px;margin-right:0px;margin-bottom:31px;margin-left:0px;\"><h3 class=\"title-heading-left fusion-responsive-typography-calculated\" style=\"margin:0;--fontSize:22;--minFontSize:22px;line-height:1.4;\">Verlauf des auftrags<\/h3><\/div><ul class=\"fusion-checklist fusion-checklist-1\" style=\"font-size:17px;line-height:28.9px;\"><li class=\"fusion-li-item\"><span style=\"height:28.9px;width:28.9px;margin-right:11.9px;\" class=\"icon-wrapper circle-no\"><i class=\"fusion-li-icon fa-check fas\" style=\"color:#e63946;\" aria-hidden=\"true\"><\/i><\/span><div class=\"fusion-li-item-content\" style=\"margin-left:40.8px;\">\n<p>Beratung und Auswahl einer geeigneten L\u00f6sung<\/p>\n<\/div><\/li><li class=\"fusion-li-item\"><span style=\"height:28.9px;width:28.9px;margin-right:11.9px;\" class=\"icon-wrapper circle-no\"><i class=\"fusion-li-icon fa-check fas\" style=\"color:#e63946;\" aria-hidden=\"true\"><\/i><\/span><div class=\"fusion-li-item-content\" style=\"margin-left:40.8px;\">\n<p>Bestellung und Festsetzung der Fristen<\/p>\n<\/div><\/li><li class=\"fusion-li-item\"><span style=\"height:28.9px;width:28.9px;margin-right:11.9px;\" class=\"icon-wrapper circle-no\"><i class=\"fusion-li-icon fa-check fas\" style=\"color:#e63946;\" aria-hidden=\"true\"><\/i><\/span><div class=\"fusion-li-item-content\" style=\"margin-left:40.8px;\">\n<p>Erstellung der Projektdokumentation<\/p>\n<\/div><\/li><li class=\"fusion-li-item\"><span style=\"height:28.9px;width:28.9px;margin-right:11.9px;\" class=\"icon-wrapper circle-no\"><i class=\"fusion-li-icon fa-check fas\" style=\"color:#e63946;\" aria-hidden=\"true\"><\/i><\/span><div class=\"fusion-li-item-content\" style=\"margin-left:40.8px;\">\n<p>Herstellung von l\u00fcftungstechnischen Rohrleitungen \u2013 einschlie\u00dflich atypischer Abmessungen<\/p>\n<\/div><\/li><li class=\"fusion-li-item\"><span style=\"height:28.9px;width:28.9px;margin-right:11.9px;\" class=\"icon-wrapper circle-no\"><i class=\"fusion-li-icon fa-check fas\" style=\"color:#e63946;\" aria-hidden=\"true\"><\/i><\/span><div class=\"fusion-li-item-content\" style=\"margin-left:40.8px;\">\n<p>Lieferung von l\u00fcftungstechnischen Komponenten \u2013 Rekuperatoren, Klappen, Blenden, Filter\u2026<\/p>\n<\/div><\/li><li class=\"fusion-li-item\"><span style=\"height:28.9px;width:28.9px;margin-right:11.9px;\" class=\"icon-wrapper circle-no\"><i class=\"fusion-li-icon fa-check fas\" style=\"color:#e63946;\" aria-hidden=\"true\"><\/i><\/span><div class=\"fusion-li-item-content\" style=\"margin-left:40.8px;\">\n<p>Montage des l\u00fcftungstechnischen Systems \u2013 Brandschutzsysteme sind selbstverst\u00e4ndlich<\/p>\n<\/div><\/li><li class=\"fusion-li-item\"><span style=\"height:28.9px;width:28.9px;margin-right:11.9px;\" class=\"icon-wrapper circle-no\"><i class=\"fusion-li-icon fa-check fas\" style=\"color:#e63946;\" aria-hidden=\"true\"><\/i><\/span><div class=\"fusion-li-item-content\" style=\"margin-left:40.8px;\">\n<p>Sicherung des Service, auch nach Ablauf der Garantie<\/p>\n<\/div><\/li><\/ul><div class=\"fusion-sep-clear\"><\/div><div class=\"fusion-separator fusion-full-width-sep\" style=\"margin-left: auto;margin-right: auto;margin-bottom:20px;width:100%;\"><\/div><div class=\"fusion-sep-clear\"><\/div><div class=\"fusion-button-wrapper\"><style type=\"text\/css\">.fusion-button.button-1 .fusion-button-text, .fusion-button.button-1 i {color:#e63946;}.fusion-button.button-1 .fusion-button-icon-divider{border-color:#e63946;}.fusion-button.button-1:hover .fusion-button-text, .fusion-button.button-1:hover i,.fusion-button.button-1:focus .fusion-button-text, .fusion-button.button-1:focus i,.fusion-button.button-1:active .fusion-button-text, .fusion-button.button-1:active{color:#000000;}.fusion-button.button-1:hover .fusion-button-icon-divider, .fusion-button.button-1:hover .fusion-button-icon-divider, .fusion-button.button-1:active .fusion-button-icon-divider{border-color:#000000;}.fusion-button.button-1:hover, .fusion-button.button-1:focus, .fusion-button.button-1:active{border-color:#000000;}.fusion-button.button-1 {border-color:#e63946;border-radius:0px;}.fusion-button.button-1{background: rgba(160,206,78,0);}.fusion-button.button-1:hover,.button-1:focus,.fusion-button.button-1:active{background: #ffffff;}<\/style><a class=\"fusion-button button-flat fusion-button-default-size button-custom button-1 fusion-button-default-span fusion-button-default-type\" target=\"_self\" href=\"\/de\/kontakt\/\"><span class=\"fusion-button-text\">Wir beraten Sie<\/span><\/a><\/div><div class=\"fusion-clearfix\"><\/div><\/div><\/div><\/div><\/div>\n","protected":false},"excerpt":{"rendered":"","protected":false},"author":3,"featured_media":0,"parent":0,"menu_order":0,"comment_status":"closed","ping_status":"closed","template":"100-width.php","meta":[],"_links":{"self":[{"href":"https:\/\/ekom-vzt.cz\/de\/wp-json\/wp\/v2\/pages\/1612"}],"collection":[{"href":"https:\/\/ekom-vzt.cz\/de\/wp-json\/wp\/v2\/pages"}],"about":[{"href":"https:\/\/ekom-vzt.cz\/de\/wp-json\/wp\/v2\/types\/page"}],"author":[{"embeddable":true,"href":"https:\/\/ekom-vzt.cz\/de\/wp-json\/wp\/v2\/users\/3"}],"replies":[{"embeddable":true,"href":"https:\/\/ekom-vzt.cz\/de\/wp-json\/wp\/v2\/comments?post=1612"}],"version-history":[{"count":3,"href":"https:\/\/ekom-vzt.cz\/de\/wp-json\/wp\/v2\/pages\/1612\/revisions"}],"predecessor-version":[{"id":1616,"href":"https:\/\/ekom-vzt.cz\/de\/wp-json\/wp\/v2\/pages\/1612\/revisions\/1616"}],"wp:attachment":[{"href":"https:\/\/ekom-vzt.cz\/de\/wp-json\/wp\/v2\/media?parent=1612"}],"curies":[{"name":"wp","href":"https:\/\/api.w.org\/{rel}","templated":true}]}}