{"id":1617,"date":"2021-09-23T08:26:12","date_gmt":"2021-09-23T06:26:12","guid":{"rendered":"https:\/\/ekom-vzt.cz\/?page_id=1617"},"modified":"2021-09-23T09:55:02","modified_gmt":"2021-09-23T07:55:02","slug":"herstellung","status":"publish","type":"page","link":"https:\/\/ekom-vzt.cz\/de\/herstellung\/","title":{"rendered":"Herstellung"},"content":{"rendered":"<p><div class=\"fusion-fullwidth fullwidth-box fusion-builder-row-1 nonhundred-percent-fullwidth non-hundred-percent-height-scrolling\" style=\"background-color: rgba(255,255,255,0);background-position: center center;background-repeat: no-repeat;padding-top:0px;padding-right:0px;padding-bottom:0px;padding-left:0px;margin-bottom: 0px;margin-top: 0px;border-width: 0px 0px 0px 0px;border-color:#eae9e9;border-style:solid;\" ><div class=\"fusion-builder-row fusion-row\"><div class=\"fusion-layout-column fusion_builder_column fusion-builder-column-0 fusion_builder_column_1_1 1_1 fusion-one-full fusion-column-first fusion-column-last\" style=\"margin-top:0px;margin-bottom:20px;\"><div class=\"fusion-column-wrapper fusion-flex-column-wrapper-legacy\" style=\"background-position:left top;background-repeat:no-repeat;-webkit-background-size:cover;-moz-background-size:cover;-o-background-size:cover;background-size:cover;padding: 0px 0px 0px 0px;\"><style type=\"text\/css\"><\/style><div class=\"fusion-title title fusion-title-1 fusion-sep-none fusion-title-text fusion-title-size-two\" style=\"margin-top:0px;margin-right:0px;margin-bottom:31px;margin-left:0px;\"><h2 class=\"title-heading-left fusion-responsive-typography-calculated\" style=\"margin:0;--fontSize:34;line-height:1.4;\">Was brauchen Sie herstellen?<\/h2><\/div><div class=\"fusion-text fusion-text-1\"><p>Wir stellen Teile f\u00fcr L\u00fcftungstechnik in gew\u00fcnschten Abmessungen aus verschiedenen Materialien her. W\u00e4hlen Sie die richtige Produktart und kontaktieren Sie uns bei Interesse.<\/p>\n<\/div><div class=\"fusion-clearfix\"><\/div><\/div><\/div><\/div><\/div><div class=\"fusion-fullwidth fullwidth-box fusion-builder-row-2 nonhundred-percent-fullwidth non-hundred-percent-height-scrolling\" style=\"background-color: rgba(255,255,255,0);background-position: center center;background-repeat: no-repeat;padding-top:0px;padding-right:0px;padding-bottom:50px;padding-left:0px;margin-bottom: 0px;margin-top: 0px;border-width: 0px 0px 0px 0px;border-color:#eae9e9;border-style:solid;\" ><div class=\"fusion-builder-row fusion-row\"><div class=\"fusion-layout-column fusion_builder_column fusion-builder-column-1 fusion_builder_column_1_3 1_3 fusion-one-third fusion-column-first vyroba-box fusion-column-inner-bg-wrapper\" style=\"width:33.333333333333%;width:calc(33.333333333333% - ( ( 4% + 4% ) * 0.33333333333333 ) );margin-right: 4%;margin-top:0px;margin-bottom:40px;\"><div class=\"fusion-column-wrapper fusion-flex-column-wrapper-legacy fusion-empty-dims-bg-image\" style=\"border-width: 0 0 0 0;border-color:#008bd0;border-style:solid;padding: 0px 0px 0px 0px;\" data-bg-url=\"http:\/\/ekom-vzt.cz\/wp-content\/uploads\/2018\/04\/IMG_3981.jpg\"><div class=\"vbox-spacer\"><\/div>\n<div class=\"vbox-obsah\"><style type=\"text\/css\"><\/style><div class=\"fusion-title title fusion-title-2 fusion-sep-none fusion-title-center fusion-title-text fusion-title-size-three\" style=\"margin-top:0px;margin-right:0px;margin-bottom:20px;margin-left:0px;\"><h3 class=\"title-heading-center fusion-responsive-typography-calculated\" style=\"margin:0;--fontSize:22;--minFontSize:22px;line-height:1.4;\">Regelklappen<\/h3><\/div><div class=\"fusion-text fusion-text-2\"><p style=\"text-align: center;\">Die Klappen erm\u00f6glichen das Schlie\u00dfen oder Regeln der Str\u00f6mung in den L\u00fcftungskan\u00e4len.<\/p>\n<\/div><\/div><div class=\"fusion-clearfix\"><\/div><\/div><span class=\"fusion-column-inner-bg hover-type-none\"><a class=\"fusion-column-anchor\" href=\"\/de\/regelklappen\/\"><span class=\"fusion-column-inner-bg-image\" style=\"background-color:#008bd0;background-image: url(&#039;http:\/\/ekom-vzt.cz\/wp-content\/uploads\/2018\/04\/IMG_3981.jpg&#039;);background-position:center center;background-repeat:no-repeat;-webkit-background-size:cover;-moz-background-size:cover;-o-background-size:cover;background-size:cover;\"><\/span><\/a><\/span><\/div><div class=\"fusion-layout-column fusion_builder_column fusion-builder-column-2 fusion_builder_column_1_3 1_3 fusion-one-third vyroba-box fusion-column-inner-bg-wrapper\" style=\"width:33.333333333333%;width:calc(33.333333333333% - ( ( 4% + 4% ) * 0.33333333333333 ) );margin-right: 4%;margin-top:0px;margin-bottom:40px;\"><div class=\"fusion-column-wrapper fusion-flex-column-wrapper-legacy fusion-empty-dims-bg-image\" style=\"border-width: 0 0 0 0;border-color:#008bd0;border-style:solid;padding: 0px 0px 0px 0px;\" data-bg-url=\"http:\/\/ekom-vzt.cz\/wp-content\/uploads\/2018\/05\/P\u017dA-P_protide\u0161\u0165ov\u00e1_\u017ealuzie-400x600.jpg\"><div class=\"vbox-spacer\"><\/div>\n<div class=\"vbox-obsah\"><style type=\"text\/css\"><\/style><div class=\"fusion-title title fusion-title-3 fusion-sep-none fusion-title-center fusion-title-text fusion-title-size-three\" style=\"margin-top:0px;margin-right:0px;margin-bottom:20px;margin-left:0px;\"><h3 class=\"title-heading-center fusion-responsive-typography-calculated\" style=\"margin:0;--fontSize:22;--minFontSize:22px;line-height:1.4;\">Industrielle Regenschutzjalousie<\/h3><\/div><div class=\"fusion-text fusion-text-3\"><p style=\"text-align: center;\">Jalousien zum Abschluss von Luftkan\u00e4len und L\u00fcftungs\u00f6ffnungen in Geb\u00e4uden, verhindern das Eindringen von Niederschlag. Verzinkte Ausf\u00fchrung.<\/p>\n<\/div><\/div><div class=\"fusion-clearfix\"><\/div><\/div><span class=\"fusion-column-inner-bg hover-type-none\"><a class=\"fusion-column-anchor\" href=\"\/de\/herstellung\/industrielle-regenschutzjalousie\/\"><span class=\"fusion-column-inner-bg-image\" style=\"background-color:#008bd0;background-image: url(&#039;http:\/\/ekom-vzt.cz\/wp-content\/uploads\/2018\/05\/P\u017dA-P_protide\u0161\u0165ov\u00e1_\u017ealuzie-400x600.jpg&#039;);background-position:center center;background-repeat:no-repeat;-webkit-background-size:cover;-moz-background-size:cover;-o-background-size:cover;background-size:cover;\"><\/span><\/a><\/span><\/div><div class=\"fusion-layout-column fusion_builder_column fusion-builder-column-3 fusion_builder_column_1_3 1_3 fusion-one-third fusion-column-last vyroba-box fusion-column-inner-bg-wrapper\" style=\"width:33.333333333333%;width:calc(33.333333333333% - ( ( 4% + 4% ) * 0.33333333333333 ) );margin-top:0px;margin-bottom:40px;\"><div class=\"fusion-column-wrapper fusion-flex-column-wrapper-legacy fusion-empty-dims-bg-image\" style=\"border-width: 0 0 0 0;border-color:#008bd0;border-style:solid;padding: 0px 0px 0px 0px;\" data-bg-url=\"http:\/\/ekom-vzt.cz\/wp-content\/uploads\/2018\/05\/P\u017dA-K-I_m-600x400.jpg\"><div class=\"vbox-spacer\"><\/div>\n<div class=\"vbox-obsah\"><style type=\"text\/css\"><\/style><div class=\"fusion-title title fusion-title-4 fusion-sep-none fusion-title-center fusion-title-text fusion-title-size-three\" style=\"margin-top:0px;margin-right:0px;margin-bottom:20px;margin-left:0px;\"><h3 class=\"title-heading-center fusion-responsive-typography-calculated\" style=\"margin:0;--fontSize:22;--minFontSize:22px;line-height:1.4;\">Komfortable Regenschutzjalousie<\/h3><\/div><div class=\"fusion-text fusion-text-4\"><p style=\"text-align: center;\">Jalousien zum Abschluss von Luftkan\u00e4len und L\u00fcftungs\u00f6ffnungen in Geb\u00e4uden, verhindern das Eindringen von Niederschlag. Verzinkte Ausf\u00fchrung<\/p>\n<\/div><\/div><div class=\"fusion-clearfix\"><\/div><\/div><span class=\"fusion-column-inner-bg hover-type-none\"><a class=\"fusion-column-anchor\" href=\"\/de\/herstellung\/komfortable-regenschutzjalousie\/\"><span class=\"fusion-column-inner-bg-image\" style=\"background-color:#008bd0;background-image: url(&#039;http:\/\/ekom-vzt.cz\/wp-content\/uploads\/2018\/05\/P\u017dA-K-I_m-600x400.jpg&#039;);background-position:center center;background-repeat:no-repeat;-webkit-background-size:cover;-moz-background-size:cover;-o-background-size:cover;background-size:cover;\"><\/span><\/a><\/span><\/div><div class=\"fusion-layout-column fusion_builder_column fusion-builder-column-4 fusion_builder_column_1_3 1_3 fusion-one-third fusion-column-first vyroba-box fusion-column-inner-bg-wrapper\" style=\"width:33.333333333333%;width:calc(33.333333333333% - ( ( 4% + 4% ) * 0.33333333333333 ) );margin-right: 4%;margin-top:0px;margin-bottom:40px;\"><div class=\"fusion-column-wrapper fusion-flex-column-wrapper-legacy fusion-empty-dims-bg-image\" style=\"border-width: 0 0 0 0;border-color:#008bd0;border-style:solid;padding: 0px 0px 0px 0px;\" data-bg-url=\"http:\/\/ekom-vzt.cz\/wp-content\/uploads\/2018\/05\/P\u017dA-K-I_m-600x400.jpg\"><div class=\"vbox-spacer\"><\/div>\n<div class=\"vbox-obsah\"><style type=\"text\/css\"><\/style><div class=\"fusion-title title fusion-title-5 fusion-sep-none fusion-title-center fusion-title-text fusion-title-size-three\" style=\"margin-top:0px;margin-right:0px;margin-bottom:20px;margin-left:0px;\"><h3 class=\"title-heading-center fusion-responsive-typography-calculated\" style=\"margin:0;--fontSize:22;--minFontSize:22px;line-height:1.4;\">Dichte T\u00fcr<\/h3><\/div><div class=\"fusion-text fusion-text-5\"><p style=\"text-align: center;\">Dichte T\u00fcr schlie\u00dft die Durchgangs\u00f6ffnungen und Durchg\u00e4nge in Maschinenr\u00e4umen von L\u00fcftungstechnik.<\/p>\n<\/div><\/div><div class=\"fusion-clearfix\"><\/div><\/div><span class=\"fusion-column-inner-bg hover-type-none\"><a class=\"fusion-column-anchor\" href=\"\/de\/herstellung\/dichte-tuer\/\"><span class=\"fusion-column-inner-bg-image\" style=\"background-color:#008bd0;background-image: url(&#039;http:\/\/ekom-vzt.cz\/wp-content\/uploads\/2018\/05\/P\u017dA-K-I_m-600x400.jpg&#039;);background-position:center center;background-repeat:no-repeat;-webkit-background-size:cover;-moz-background-size:cover;-o-background-size:cover;background-size:cover;\"><\/span><\/a><\/span><\/div><div class=\"fusion-layout-column fusion_builder_column fusion-builder-column-5 fusion_builder_column_1_3 1_3 fusion-one-third vyroba-box fusion-column-inner-bg-wrapper\" style=\"width:33.333333333333%;width:calc(33.333333333333% - ( ( 4% + 4% ) * 0.33333333333333 ) );margin-right: 4%;margin-top:0px;margin-bottom:40px;\"><div class=\"fusion-column-wrapper fusion-flex-column-wrapper-legacy fusion-empty-dims-bg-image\" style=\"border-width: 0 0 0 0;border-color:#008bd0;border-style:solid;padding: 0px 0px 0px 0px;\" data-bg-url=\"http:\/\/ekom-vzt.cz\/wp-content\/uploads\/2018\/05\/Sami\u010din\u00e1-p\u0159etlakov\u00e1-klapka-SPK-600x400.jpg\"><div class=\"vbox-spacer\"><\/div>\n<div class=\"vbox-obsah\"><style type=\"text\/css\"><\/style><div class=\"fusion-title title fusion-title-6 fusion-sep-none fusion-title-center fusion-title-text fusion-title-size-three\" style=\"margin-top:0px;margin-right:0px;margin-bottom:20px;margin-left:0px;\"><h3 class=\"title-heading-center fusion-responsive-typography-calculated\" style=\"margin:0;--fontSize:22;--minFontSize:22px;line-height:1.4;\">Selbstt\u00e4tige Klappen<\/h3><\/div><div class=\"fusion-text fusion-text-6\"><p style=\"text-align: center;\">Selbstt\u00e4tige Klappen werden verwendet, um den Druckunterschied zwischen benachbarten R\u00e4umen auszugleichen.<\/p>\n<\/div><\/div><div class=\"fusion-clearfix\"><\/div><\/div><span class=\"fusion-column-inner-bg hover-type-none\"><a class=\"fusion-column-anchor\" href=\"\/de\/herstellung\/selbsttaetige-klappen\/\"><span class=\"fusion-column-inner-bg-image\" style=\"background-color:#008bd0;background-image: url(&#039;http:\/\/ekom-vzt.cz\/wp-content\/uploads\/2018\/05\/Sami\u010din\u00e1-p\u0159etlakov\u00e1-klapka-SPK-600x400.jpg&#039;);background-position:center center;background-repeat:no-repeat;-webkit-background-size:cover;-moz-background-size:cover;-o-background-size:cover;background-size:cover;\"><\/span><\/a><\/span><\/div><div class=\"fusion-layout-column fusion_builder_column fusion-builder-column-6 fusion_builder_column_1_3 1_3 fusion-one-third fusion-column-last vyroba-box fusion-column-inner-bg-wrapper\" style=\"width:33.333333333333%;width:calc(33.333333333333% - ( ( 4% + 4% ) * 0.33333333333333 ) );margin-top:0px;margin-bottom:40px;\"><div class=\"fusion-column-wrapper fusion-flex-column-wrapper-legacy fusion-empty-dims-bg-image\" style=\"border-width: 0 0 0 0;border-color:#008bd0;border-style:solid;padding: 0px 0px 0px 0px;\" data-bg-url=\"http:\/\/ekom-vzt.cz\/wp-content\/uploads\/2018\/05\/v\u00fdfukov\u00e1-st\u0159\u00ed\u0161ka-600x400.jpg\"><div class=\"vbox-spacer\"><\/div>\n<div class=\"vbox-obsah\"><style type=\"text\/css\"><\/style><div class=\"fusion-title title fusion-title-7 fusion-sep-none fusion-title-center fusion-title-text fusion-title-size-three\" style=\"margin-top:0px;margin-right:0px;margin-bottom:20px;margin-left:0px;\"><h3 class=\"title-heading-center fusion-responsive-typography-calculated\" style=\"margin:0;--fontSize:22;--minFontSize:22px;line-height:1.4;\">Runde D\u00e4cher<\/h3><\/div><div class=\"fusion-text fusion-text-7\"><p style=\"text-align: center;\">Rundd\u00e4cher schlie\u00dfen vertikale Rundrohre ab. Sie verhindern das Eindringen von Regen und Schnee.<\/p>\n<\/div><\/div><div class=\"fusion-clearfix\"><\/div><\/div><span class=\"fusion-column-inner-bg hover-type-none\"><a class=\"fusion-column-anchor\" href=\"#0\"><span class=\"fusion-column-inner-bg-image\" style=\"background-color:#008bd0;background-image: url(&#039;http:\/\/ekom-vzt.cz\/wp-content\/uploads\/2018\/05\/v\u00fdfukov\u00e1-st\u0159\u00ed\u0161ka-600x400.jpg&#039;);background-position:center center;background-repeat:no-repeat;-webkit-background-size:cover;-moz-background-size:cover;-o-background-size:cover;background-size:cover;\"><\/span><\/a><\/span><\/div><\/div><\/div><div id=\"Dal\u0161\u00ed v\u00fdroba\"><div class=\"fusion-fullwidth fullwidth-box fusion-builder-row-3 nonhundred-percent-fullwidth non-hundred-percent-height-scrolling\" style=\"background-color: #f4f4f4;background-position: center center;background-repeat: no-repeat;padding-top:70px;padding-right:0px;padding-bottom:50px;padding-left:0px;margin-bottom: 0px;margin-top: 0px;border-width: 1px 0px 1px 0px;border-color:#e0e0e2;border-style:solid;\" ><div class=\"fusion-builder-row fusion-row\"><div class=\"fusion-layout-column fusion_builder_column fusion-builder-column-7 fusion_builder_column_1_3 1_3 fusion-one-third fusion-column-first\" style=\"width:33.333333333333%;width:calc(33.333333333333% - ( ( 4% ) * 0.33333333333333 ) );margin-right: 4%;margin-top:0px;margin-bottom:20px;\"><div class=\"fusion-column-wrapper fusion-flex-column-wrapper-legacy\" style=\"background-position:left top;background-repeat:no-repeat;-webkit-background-size:cover;-moz-background-size:cover;-o-background-size:cover;background-size:cover;padding: 0px 0px 0px 0px;\"><div class=\"fusion-text fusion-text-8\"><h2>Andere Produktion<\/h2>\n<\/div><div class=\"fusion-clearfix\"><\/div><\/div><\/div><div class=\"fusion-layout-column fusion_builder_column fusion-builder-column-8 fusion_builder_column_2_3 2_3 fusion-two-third fusion-column-last\" style=\"width:66.666666666667%;width:calc(66.666666666667% - ( ( 4% ) * 0.66666666666667 ) );margin-top:0px;margin-bottom:20px;\"><div class=\"fusion-column-wrapper fusion-flex-column-wrapper-legacy\" style=\"background-position:left top;background-repeat:no-repeat;-webkit-background-size:cover;-moz-background-size:cover;-o-background-size:cover;background-size:cover;padding: 0px 0px 0px 0px;\"><div class=\"fusion-text fusion-text-9\"><hr \/>\n<p>Wir fertigen auch andere l\u00fcftungstechnische Elemente und -kan\u00e4le auf Bestellung.<\/p>\n<\/div><div class=\"fusion-clearfix\"><\/div><\/div><\/div><div class=\"fusion-layout-column fusion_builder_column fusion-builder-column-9 fusion_builder_column_1_1 1_1 fusion-one-full fusion-column-first fusion-column-last\" style=\"margin-top:0px;margin-bottom:20px;\"><div class=\"fusion-column-wrapper fusion-flex-column-wrapper-legacy\" style=\"background-position:left top;background-repeat:no-repeat;-webkit-background-size:cover;-moz-background-size:cover;-o-background-size:cover;background-size:cover;padding: 0px 0px 0px 0px;\"><style type=\"text\/css\">.fusion-gallery-1 .fusion-gallery-image {border:0px solid #e2e2e2;}<\/style><div class=\"fusion-gallery fusion-gallery-container fusion-grid-4 fusion-columns-total-7 fusion-gallery-layout-grid fusion-gallery-1\" style=\"margin:-5px;\"><div style=\"padding:5px;\" class=\"fusion-grid-column fusion-gallery-column fusion-gallery-column-4\"><div class=\"fusion-gallery-image fusion-gallery-image-liftup\"><a href=\"https:\/\/ekom-vzt.cz\/wp-content\/uploads\/2018\/05\/Zvlh\u010dova\u010d-1.jpg\" rel=\"noreferrer\" data-rel=\"iLightbox[gallery_image_1]\" class=\"fusion-lightbox\" target=\"_self\"><img src=\"https:\/\/ekom-vzt.cz\/wp-content\/uploads\/2018\/05\/Zvlh\u010dova\u010d-1-320x202.jpg\" width=\"320\" height=\"202\" alt=\"\" title=\"Zvlh\u010dova\u010d\" aria-label=\"Zvlh\u010dova\u010d\" class=\"img-responsive wp-image-724 fusion-gallery-image-size-fixed\" \/><\/a><\/div><\/div><div style=\"padding:5px;\" class=\"fusion-grid-column fusion-gallery-column fusion-gallery-column-4\"><div class=\"fusion-gallery-image fusion-gallery-image-liftup\"><a href=\"https:\/\/ekom-vzt.cz\/wp-content\/uploads\/2018\/05\/v\u00fdfukov\u00e1-st\u0159\u00ed\u0161ka.jpg\" rel=\"noreferrer\" data-rel=\"iLightbox[gallery_image_1]\" class=\"fusion-lightbox\" target=\"_self\"><img src=\"https:\/\/ekom-vzt.cz\/wp-content\/uploads\/2018\/05\/v\u00fdfukov\u00e1-st\u0159\u00ed\u0161ka-320x202.jpg\" width=\"320\" height=\"202\" alt=\"\" title=\"v\u00fdfukov\u00e1 st\u0159\u00ed\u0161ka\" aria-label=\"v\u00fdfukov\u00e1 st\u0159\u00ed\u0161ka\" class=\"img-responsive wp-image-740 fusion-gallery-image-size-fixed\" \/><\/a><\/div><\/div><div style=\"padding:5px;\" class=\"fusion-grid-column fusion-gallery-column fusion-gallery-column-4\"><div class=\"fusion-gallery-image fusion-gallery-image-liftup\"><a href=\"https:\/\/ekom-vzt.cz\/wp-content\/uploads\/2018\/05\/Regula\u010dn\u00ed-klapky-jednolist\u00e9.jpg\" rel=\"noreferrer\" data-rel=\"iLightbox[gallery_image_1]\" class=\"fusion-lightbox\" target=\"_self\"><img src=\"https:\/\/ekom-vzt.cz\/wp-content\/uploads\/2018\/05\/Regula\u010dn\u00ed-klapky-jednolist\u00e9-320x202.jpg\" width=\"320\" height=\"202\" alt=\"\" title=\"Regula\u010dn\u00ed klapky jednolist\u00e9\" aria-label=\"Regula\u010dn\u00ed klapky jednolist\u00e9\" class=\"img-responsive wp-image-738 fusion-gallery-image-size-fixed\" \/><\/a><\/div><\/div><div style=\"padding:5px;\" class=\"fusion-grid-column fusion-gallery-column fusion-gallery-column-4\"><div class=\"fusion-gallery-image fusion-gallery-image-liftup\"><a href=\"https:\/\/ekom-vzt.cz\/wp-content\/uploads\/2018\/05\/Regula\u010dn\u00ed-klapky-expedice.jpg\" rel=\"noreferrer\" data-rel=\"iLightbox[gallery_image_1]\" class=\"fusion-lightbox\" target=\"_self\"><img src=\"https:\/\/ekom-vzt.cz\/wp-content\/uploads\/2018\/05\/Regula\u010dn\u00ed-klapky-expedice-320x202.jpg\" width=\"320\" height=\"202\" alt=\"\" title=\"Regula\u010dn\u00ed klapky expedice\" aria-label=\"Regula\u010dn\u00ed klapky expedice\" class=\"img-responsive wp-image-737 fusion-gallery-image-size-fixed\" \/><\/a><\/div><\/div><div class=\"clearfix\"><\/div><div style=\"padding:5px;\" class=\"fusion-grid-column fusion-gallery-column fusion-gallery-column-4\"><div class=\"fusion-gallery-image fusion-gallery-image-liftup\"><a href=\"https:\/\/ekom-vzt.cz\/wp-content\/uploads\/2018\/05\/Klapka-na-kruhov\u00e9-potrub\u00ed.jpg\" rel=\"noreferrer\" data-rel=\"iLightbox[gallery_image_1]\" class=\"fusion-lightbox\" target=\"_self\"><img src=\"https:\/\/ekom-vzt.cz\/wp-content\/uploads\/2018\/05\/Klapka-na-kruhov\u00e9-potrub\u00ed-320x202.jpg\" width=\"320\" height=\"202\" alt=\"\" title=\"Klapka na kruhov\u00e9 potrub\u00ed\" aria-label=\"Klapka na kruhov\u00e9 potrub\u00ed\" class=\"img-responsive wp-image-745 fusion-gallery-image-size-fixed\" \/><\/a><\/div><\/div><div style=\"padding:5px;\" class=\"fusion-grid-column fusion-gallery-column fusion-gallery-column-4\"><div class=\"fusion-gallery-image fusion-gallery-image-liftup\"><a href=\"https:\/\/ekom-vzt.cz\/wp-content\/uploads\/2018\/05\/Kryc\u00ed-m\u0159\u00ed\u017eka-1.jpg\" rel=\"noreferrer\" data-rel=\"iLightbox[gallery_image_1]\" class=\"fusion-lightbox\" target=\"_self\"><img src=\"https:\/\/ekom-vzt.cz\/wp-content\/uploads\/2018\/05\/Kryc\u00ed-m\u0159\u00ed\u017eka-1-320x202.jpg\" width=\"320\" height=\"202\" alt=\"\" title=\"Kryc\u00ed m\u0159\u00ed\u017eka\" aria-label=\"Kryc\u00ed m\u0159\u00ed\u017eka\" class=\"img-responsive wp-image-768 fusion-gallery-image-size-fixed\" \/><\/a><\/div><\/div><div style=\"padding:5px;\" class=\"fusion-grid-column fusion-gallery-column fusion-gallery-column-4\"><div class=\"fusion-gallery-image fusion-gallery-image-liftup\"><a href=\"https:\/\/ekom-vzt.cz\/wp-content\/uploads\/2018\/05\/\u017daluzie-pozink.jpg\" rel=\"noreferrer\" data-rel=\"iLightbox[gallery_image_1]\" class=\"fusion-lightbox\" target=\"_self\"><img src=\"https:\/\/ekom-vzt.cz\/wp-content\/uploads\/2018\/05\/\u017daluzie-pozink-320x202.jpg\" width=\"320\" height=\"202\" alt=\"\" title=\"\u017daluzie pozink\" aria-label=\"\u017daluzie pozink\" class=\"img-responsive wp-image-769 fusion-gallery-image-size-fixed\" \/><\/a><\/div><\/div><\/div><div class=\"fusion-clearfix\"><\/div><\/div><\/div><\/div><\/div><\/div><\/p>\n","protected":false},"excerpt":{"rendered":"","protected":false},"author":3,"featured_media":0,"parent":0,"menu_order":0,"comment_status":"closed","ping_status":"closed","template":"100-width.php","meta":[],"_links":{"self":[{"href":"https:\/\/ekom-vzt.cz\/de\/wp-json\/wp\/v2\/pages\/1617"}],"collection":[{"href":"https:\/\/ekom-vzt.cz\/de\/wp-json\/wp\/v2\/pages"}],"about":[{"href":"https:\/\/ekom-vzt.cz\/de\/wp-json\/wp\/v2\/types\/page"}],"author":[{"embeddable":true,"href":"https:\/\/ekom-vzt.cz\/de\/wp-json\/wp\/v2\/users\/3"}],"replies":[{"embeddable":true,"href":"https:\/\/ekom-vzt.cz\/de\/wp-json\/wp\/v2\/comments?post=1617"}],"version-history":[{"count":6,"href":"https:\/\/ekom-vzt.cz\/de\/wp-json\/wp\/v2\/pages\/1617\/revisions"}],"predecessor-version":[{"id":1778,"href":"https:\/\/ekom-vzt.cz\/de\/wp-json\/wp\/v2\/pages\/1617\/revisions\/1778"}],"wp:attachment":[{"href":"https:\/\/ekom-vzt.cz\/de\/wp-json\/wp\/v2\/media?parent=1617"}],"curies":[{"name":"wp","href":"https:\/\/api.w.org\/{rel}","templated":true}]}}