{"id":1650,"date":"2021-09-23T08:42:08","date_gmt":"2021-09-23T06:42:08","guid":{"rendered":"https:\/\/ekom-vzt.cz\/?page_id=1650"},"modified":"2021-09-23T10:01:36","modified_gmt":"2021-09-23T08:01:36","slug":"industrielle-regenschutzjalousie","status":"publish","type":"page","link":"https:\/\/ekom-vzt.cz\/de\/herstellung\/industrielle-regenschutzjalousie\/","title":{"rendered":"Industrielle Regenschutzjalousie"},"content":{"rendered":"<p><div class=\"fusion-fullwidth fullwidth-box fusion-builder-row-1 nonhundred-percent-fullwidth non-hundred-percent-height-scrolling\" style=\"background-color: rgba(255,255,255,0);background-position: center center;background-repeat: no-repeat;padding-top:0px;padding-right:0px;padding-bottom:0px;padding-left:0px;margin-bottom: 0px;margin-top: 0px;border-width: 0px 0px 0px 0px;border-color:#eae9e9;border-style:solid;\" ><div class=\"fusion-builder-row fusion-row\"><div class=\"fusion-layout-column fusion_builder_column fusion-builder-column-0 fusion_builder_column_1_1 1_1 fusion-one-full fusion-column-first fusion-column-last\" style=\"margin-top:0px;margin-bottom:20px;\"><div class=\"fusion-column-wrapper fusion-flex-column-wrapper-legacy\" style=\"background-position:left top;background-repeat:no-repeat;-webkit-background-size:cover;-moz-background-size:cover;-o-background-size:cover;background-size:cover;border-width: 0 0 0 0;border-color:#008bd0;border-style:solid;padding: 0px 0px 0px 0px;\"><style type=\"text\/css\"><\/style><div class=\"fusion-title title fusion-title-1 fusion-sep-none fusion-title-center fusion-title-text fusion-title-size-two\" style=\"margin-top:0px;margin-right:0px;margin-bottom:31px;margin-left:0px;\"><h2 class=\"title-heading-center fusion-responsive-typography-calculated\" style=\"margin:0;--fontSize:34;line-height:1.4;\">Industrielle Regenschutzjalousie<\/p>\n<h6 style=\"text-align: left;\"><\/h6><\/h2><\/div><div class=\"fusion-text fusion-text-1\"><p>Regenschutzjalousie aus verzinktem Stahl<\/p>\n<\/div><div class=\"fusion-clearfix\"><\/div><\/div><\/div><\/div><\/div><div class=\"fusion-fullwidth fullwidth-box fusion-builder-row-2 nonhundred-percent-fullwidth non-hundred-percent-height-scrolling\" style=\"background-color: rgba(255,255,255,0);background-position: center center;background-repeat: no-repeat;padding-top:0px;padding-right:0px;padding-bottom:0px;padding-left:0px;margin-bottom: 0px;margin-top: 0px;border-width: 0px 0px 0px 0px;border-color:#eae9e9;border-style:solid;\" ><div class=\"fusion-builder-row fusion-row\"><div class=\"fusion-layout-column fusion_builder_column fusion-builder-column-1 fusion_builder_column_1_3 1_3 fusion-one-third fusion-column-first vyroba-box fusion-column-inner-bg-wrapper\" style=\"width:33.333333333333%;width:calc(33.333333333333% - ( ( 4% + 4% ) * 0.33333333333333 ) );margin-right: 4%;margin-top:0px;margin-bottom:20px;\"><div class=\"fusion-column-wrapper fusion-flex-column-wrapper-legacy fusion-empty-dims-bg-image\" style=\"border-width: 0 0 0 0;border-color:#008bd0;border-style:solid;padding: 0px 0px 0px 0px;\" data-bg-url=\"http:\/\/ekom-vzt.cz\/wp-content\/uploads\/2018\/05\/P\u017dA-P_protide\u0161\u0165ov\u00e1_\u017ealuzie-600x900.jpg\"><div class=\"vbox-spacer\"><\/div>\n<div class=\"vbox-obsah\"><style type=\"text\/css\"><\/style><div class=\"fusion-title title fusion-title-2 fusion-sep-none fusion-title-center fusion-title-text fusion-title-size-three\" style=\"margin-top:0px;margin-right:0px;margin-bottom:20px;margin-left:0px;\"><h3 class=\"title-heading-center fusion-responsive-typography-calculated\" style=\"margin:0;--fontSize:22;--minFontSize:22px;line-height:1.4;\">P\u017dA-P<\/h3><\/div><div class=\"fusion-text fusion-text-2\"><p>P\u017dA-P ist eine Standardausf\u00fchrung aus verzinktem Stahl, die Breite des Sichtrahmens betr\u00e4gt 50 mm<\/p>\n<\/div><\/div><div class=\"fusion-clearfix\"><\/div><\/div><span class=\"fusion-column-inner-bg hover-type-none\"><a class=\"fusion-column-anchor\" href=\"\/de\/herstellung\/industrielle-regenschutzjalousie\/pza-p\/\"><span class=\"fusion-column-inner-bg-image\" style=\"background-color:#008bd0;background-image: url(&#039;http:\/\/ekom-vzt.cz\/wp-content\/uploads\/2018\/05\/P\u017dA-P_protide\u0161\u0165ov\u00e1_\u017ealuzie-600x900.jpg&#039;);background-position:center center;background-repeat:no-repeat;-webkit-background-size:cover;-moz-background-size:cover;-o-background-size:cover;background-size:cover;\"><\/span><\/a><\/span><\/div><div class=\"fusion-layout-column fusion_builder_column fusion-builder-column-2 fusion_builder_column_1_3 1_3 fusion-one-third vyroba-box fusion-column-inner-bg-wrapper\" style=\"width:33.333333333333%;width:calc(33.333333333333% - ( ( 4% + 4% ) * 0.33333333333333 ) );margin-right: 4%;margin-top:0px;margin-bottom:20px;\"><div class=\"fusion-column-wrapper fusion-flex-column-wrapper-legacy fusion-empty-dims-bg-image\" style=\"border-width: 0 0 0 0;border-color:#008bd0;border-style:solid;padding: 0px 0px 0px 0px;\" data-bg-url=\"http:\/\/ekom-vzt.cz\/wp-content\/uploads\/2018\/05\/P\u017dA-P-II_m-600x400.jpg\"><div class=\"vbox-spacer\"><\/div>\n<div class=\"vbox-obsah\"><style type=\"text\/css\"><\/style><div class=\"fusion-title title fusion-title-3 fusion-sep-none fusion-title-center fusion-title-text fusion-title-size-three\" style=\"margin-top:0px;margin-right:0px;margin-bottom:20px;margin-left:0px;\"><h3 class=\"title-heading-center fusion-responsive-typography-calculated\" style=\"margin:0;--fontSize:22;--minFontSize:22px;line-height:1.4;\">P\u017dA-P II.<\/h3><\/div><div class=\"fusion-text fusion-text-3\"><p style=\"text-align: center;\">P\u017dA-P II ist eine Jalousie aus verzinktem Stahl \u2013 die Breite des Sichtrahmens betr\u00e4gt 30 mm<\/p>\n<\/div><\/div><div class=\"fusion-clearfix\"><\/div><\/div><span class=\"fusion-column-inner-bg hover-type-none\"><a class=\"fusion-column-anchor\" href=\"\/de\/herstellung\/industrielle-regenschutzjalousie\/pzap-ii\/\"><span class=\"fusion-column-inner-bg-image\" style=\"background-color:#008bd0;background-image: url(&#039;http:\/\/ekom-vzt.cz\/wp-content\/uploads\/2018\/05\/P\u017dA-P-II_m-600x400.jpg&#039;);background-position:center center;background-repeat:no-repeat;-webkit-background-size:cover;-moz-background-size:cover;-o-background-size:cover;background-size:cover;\"><\/span><\/a><\/span><\/div><div class=\"fusion-layout-column fusion_builder_column fusion-builder-column-3 fusion_builder_column_1_3 1_3 fusion-one-third fusion-column-last vyroba-box fusion-column-inner-bg-wrapper\" style=\"width:33.333333333333%;width:calc(33.333333333333% - ( ( 4% + 4% ) * 0.33333333333333 ) );margin-top:0px;margin-bottom:20px;\"><div class=\"fusion-column-wrapper fusion-flex-column-wrapper-legacy fusion-empty-dims-bg-image\" style=\"border-width: 0 0 0 0;border-color:#008bd0;border-style:solid;padding: 0px 0px 0px 0px;\" data-bg-url=\"http:\/\/ekom-vzt.cz\/wp-content\/uploads\/2018\/05\/P\u017dA-P-IV_m_ii-600x900.jpg\"><div class=\"vbox-spacer\"><\/div>\n<div class=\"vbox-obsah\"><style type=\"text\/css\"><\/style><div class=\"fusion-title title fusion-title-4 fusion-sep-none fusion-title-center fusion-title-text fusion-title-size-three\" style=\"margin-top:0px;margin-right:0px;margin-bottom:20px;margin-left:0px;\"><h3 class=\"title-heading-center fusion-responsive-typography-calculated\" style=\"margin:0;--fontSize:22;--minFontSize:22px;line-height:1.4;\">P\u017dA-P IV<\/h3><\/div><div class=\"fusion-text fusion-text-4\"><p style=\"text-align: center;\">\u017dA-P IV ist eine Regenschutzjalousie mit einer erh\u00f6hten Bautiefe von 100 mm zum Abdecken von \u00d6ffnungen mit gr\u00f6\u00dferer Fl\u00e4che.<\/p>\n<\/div><\/div><div class=\"fusion-clearfix\"><\/div><\/div><span class=\"fusion-column-inner-bg hover-type-none\"><a class=\"fusion-column-anchor\" href=\"\/de\/herstellung\/industrielle-regenschutzjalousie\/pzap-iv\/\"><span class=\"fusion-column-inner-bg-image\" style=\"background-color:#008bd0;background-image: url(&#039;http:\/\/ekom-vzt.cz\/wp-content\/uploads\/2018\/05\/P\u017dA-P-IV_m_ii-600x900.jpg&#039;);background-position:center center;background-repeat:no-repeat;-webkit-background-size:cover;-moz-background-size:cover;-o-background-size:cover;background-size:cover;\"><\/span><\/a><\/span><\/div><\/div><\/div><\/p>\n","protected":false},"excerpt":{"rendered":"","protected":false},"author":3,"featured_media":0,"parent":1617,"menu_order":0,"comment_status":"closed","ping_status":"closed","template":"100-width.php","meta":[],"_links":{"self":[{"href":"https:\/\/ekom-vzt.cz\/de\/wp-json\/wp\/v2\/pages\/1650"}],"collection":[{"href":"https:\/\/ekom-vzt.cz\/de\/wp-json\/wp\/v2\/pages"}],"about":[{"href":"https:\/\/ekom-vzt.cz\/de\/wp-json\/wp\/v2\/types\/page"}],"author":[{"embeddable":true,"href":"https:\/\/ekom-vzt.cz\/de\/wp-json\/wp\/v2\/users\/3"}],"replies":[{"embeddable":true,"href":"https:\/\/ekom-vzt.cz\/de\/wp-json\/wp\/v2\/comments?post=1650"}],"version-history":[{"count":4,"href":"https:\/\/ekom-vzt.cz\/de\/wp-json\/wp\/v2\/pages\/1650\/revisions"}],"predecessor-version":[{"id":1785,"href":"https:\/\/ekom-vzt.cz\/de\/wp-json\/wp\/v2\/pages\/1650\/revisions\/1785"}],"up":[{"embeddable":true,"href":"https:\/\/ekom-vzt.cz\/de\/wp-json\/wp\/v2\/pages\/1617"}],"wp:attachment":[{"href":"https:\/\/ekom-vzt.cz\/de\/wp-json\/wp\/v2\/media?parent=1650"}],"curies":[{"name":"wp","href":"https:\/\/api.w.org\/{rel}","templated":true}]}}