{"id":1736,"date":"2021-09-23T09:21:58","date_gmt":"2021-09-23T07:21:58","guid":{"rendered":"https:\/\/ekom-vzt.cz\/?page_id=1736"},"modified":"2021-09-23T09:22:22","modified_gmt":"2021-09-23T07:22:22","slug":"referenzen","status":"publish","type":"page","link":"https:\/\/ekom-vzt.cz\/de\/referenzen\/","title":{"rendered":"Referenzen"},"content":{"rendered":"<p><div class=\"fusion-fullwidth fullwidth-box fusion-builder-row-1 nonhundred-percent-fullwidth non-hundred-percent-height-scrolling\" style=\"background-color: rgba(255,255,255,0);background-position: center center;background-repeat: no-repeat;padding-top:0px;padding-right:0px;padding-bottom:0px;padding-left:0px;margin-bottom: 0px;margin-top: 0px;border-width: 0px 0px 0px 0px;border-color:#eae9e9;border-style:solid;\" ><div class=\"fusion-builder-row fusion-row\"><div class=\"fusion-layout-column fusion_builder_column fusion-builder-column-0 fusion_builder_column_1_1 1_1 fusion-one-full fusion-column-first fusion-column-last max-width-col\" style=\"margin-top:0px;margin-bottom:0px;\"><div class=\"fusion-column-wrapper fusion-flex-column-wrapper-legacy\" style=\"background-position:left top;background-repeat:no-repeat;-webkit-background-size:cover;-moz-background-size:cover;-o-background-size:cover;background-size:cover;padding: 0px 0px 0px 0px;\"><style type=\"text\/css\"><\/style><div class=\"fusion-title title fusion-title-1 fusion-sep-none fusion-title-text fusion-title-size-two\" style=\"margin-top:0px;margin-right:0px;margin-bottom:20px;margin-left:0px;\"><h2 class=\"title-heading-left fusion-responsive-typography-calculated\" style=\"margin:0;--fontSize:34;line-height:1.4;\">WO UNSERE ARBEIT ZU SEHEN IST<\/h2><\/div><div class=\"fusion-text fusion-text-1\"><p>Gut geleistete Arbeit und Zufriedenheit unserer Kunden ist sowohl unser Ziel, als auch eine Verpflichtung f\u00fcr unsere n\u00e4chste Projekte.\u00a0Kommen Sie und werden Sie unsere n\u00e4chsten zufriedenen Kunden.<\/p>\n<\/div><div class=\"fusion-clearfix\"><\/div><\/div><\/div><div class=\"fusion-layout-column fusion_builder_column fusion-builder-column-1 fusion_builder_column_1_1 1_1 fusion-one-full fusion-column-first fusion-column-last\" style=\"margin-top:0px;margin-bottom:20px;\"><div class=\"fusion-column-wrapper fusion-flex-column-wrapper-legacy\" style=\"background-position:left top;background-repeat:no-repeat;-webkit-background-size:cover;-moz-background-size:cover;-o-background-size:cover;background-size:cover;padding: 0px 0px 0px 0px;\"><div class=\"fusion-sep-clear\"><\/div><div class=\"fusion-separator fusion-has-icon fusion-full-width-sep fusion-clearfix\" style=\"float:left;margin-top:20px;margin-bottom:40px;width:100%;\"><div class=\"fusion-separator-border sep-single sep-solid\" style=\"border-color:#e0e0e2;border-top-width:1px;\"><\/div><span class=\"icon-wrapper\" style=\"border-color:#e0e0e2;background-color:#ffffff;font-size:16px;width: 1.75em; height: 1.75em;border-width:1px;padding:1px;margin-top:-0.5px\"><i class=\" fa fa-angle-double-down\" style=\"font-size: inherit;color:#e0e0e2;\" aria-hidden=\"true\"><\/i><\/span><div class=\"fusion-separator-border sep-single sep-solid\" style=\"border-color:#e0e0e2;border-top-width:1px;\"><\/div><\/div><div class=\"fusion-sep-clear\"><\/div><style type=\"text\/css\"><\/style><div class=\"fusion-title title fusion-title-2 fusion-sep-none fusion-title-text fusion-title-size-three\" style=\"margin-top:0px;margin-right:0px;margin-bottom:0px;margin-left:0px;\"><h3 class=\"title-heading-left fusion-responsive-typography-calculated\" style=\"margin:0;--fontSize:22;--minFontSize:22px;line-height:1.4;\">DIE VON UNS REALISIERTEN AUFTR\u00c4GE REFERIEREN \u00dcBER UNS:<\/h3><\/div><div class=\"fusion-clearfix\"><\/div><\/div><\/div><div class=\"fusion-layout-column fusion_builder_column fusion-builder-column-2 fusion_builder_column_1_2 1_2 fusion-one-half fusion-column-first\" style=\"width:50%;width:calc(50% - ( ( 30px ) * 0.5 ) );margin-right: 30px;margin-top:0px;margin-bottom:20px;\"><div class=\"fusion-column-wrapper fusion-flex-column-wrapper-legacy\" style=\"background-position:left top;background-repeat:no-repeat;-webkit-background-size:cover;-moz-background-size:cover;-o-background-size:cover;background-size:cover;padding: 0px 0px 0px 0px;\"><div class=\"fusion-text fusion-text-2\"><ul>\n<li><em>Bondy centrum, Mlad\u00e1 Boleslav<\/em><\/li>\n<li><em>\u0160koda Auto a.s., sva\u0159ovna M14, M12, Mlad\u00e1 Boleslav<\/em><\/li>\n<li><em>\u0160koda Auto a.s., lakovna M11, Mlad\u00e1 Boleslav<\/em><\/li>\n<li><em>\u0160koda Auto a.s., hut\u011b H3, Mlad\u00e1 Boleslav<\/em><\/li>\n<li><em>\u0160koda Auto a.s., mont\u00e1\u017e M1, M2, M6 Mlad\u00e1 Boleslav<\/em><\/li>\n<li><em>\u0160koda Auto a.s., Technologick\u00e9 centrum, Mlad\u00e1 Boleslav<\/em><\/li>\n<li><em>\u0160koda Auto a.s, Zku\u0161ebn\u00ed centrum agreg\u00e1tu, Mlad\u00e1 Boleslav<\/em><\/li>\n<li><em>\u0160koda Auto a.s., sva\u0159ovna M2, Kvasiny<\/em><\/li>\n<li><em>\u0160koda Auto a.s., sva\u0159ovna M2, Vrchlab\u00ed<\/em><\/li>\n<li><em>\u0160koda Auto a.s., z\u00e1vodn\u00ed j\u00eddelna, Mlad\u00e1 Boleslav<\/em><\/li>\n<li><em>DHL AUTOMOTIVE S.R.O., Nep\u0159ev\u00e1zka<\/em><\/li>\n<\/ul>\n<\/div><div class=\"fusion-clearfix\"><\/div><\/div><\/div><div class=\"fusion-layout-column fusion_builder_column fusion-builder-column-3 fusion_builder_column_1_2 1_2 fusion-one-half fusion-column-last\" style=\"width:50%;width:calc(50% - ( ( 30px ) * 0.5 ) );margin-top:0px;margin-bottom:20px;\"><div class=\"fusion-column-wrapper fusion-flex-column-wrapper-legacy\" style=\"background-position:left top;background-repeat:no-repeat;-webkit-background-size:cover;-moz-background-size:cover;-o-background-size:cover;background-size:cover;padding: 0px 0px 0px 0px;\"><div class=\"fusion-text fusion-text-3\"><ul>\n<li><em>Grupo Antolin Turnov s.r.o., Turnov<\/em><\/li>\n<li><em>Magna Exteriors (Bohemia) s.r.o., Liberec<\/em><\/li>\n<li><em>MAGNA EXTERIORS &amp; INTERIORS (BOHEMIA) s.r.o., Lib\u00e1\u0148, Lib\u00e1\u0148<\/em><\/li>\n<li><em>Magna Exteriors (Nymburk) s.r.o., Nymburk<\/em><\/li>\n<li><em>Stormware, Liberec<\/em><\/li>\n<li><em>Faurecia Interiors Plazy, Plazy<\/em><\/li>\n<li><em>EMCON Technologies Czech Republic s.r.o., Plazy<\/em><\/li>\n<li><em>Tereos TTD a.s. &#8211; Cukrovar Dobrovice, Dobrovice<\/em><\/li>\n<li><em>PIVOVAR SVIJANY a.s., Svijany<\/em><\/li>\n<li><em>mehr als f\u00fcnfzig Familienh\u00e4user in Prag, Mittelb\u00f6hmen, in den Regionen Liberec und Hradec Kr\u00e1lov\u00e9<\/em><\/li>\n<\/ul>\n<\/div><div class=\"fusion-clearfix\"><\/div><\/div><\/div><\/div><\/div><div class=\"fusion-fullwidth fullwidth-box fusion-builder-row-2 nonhundred-percent-fullwidth non-hundred-percent-height-scrolling\" style=\"background-color: rgba(255,255,255,0);background-position: center center;background-repeat: no-repeat;padding-top:0px;padding-right:0px;padding-bottom:0px;padding-left:0px;margin-bottom: 0px;margin-top: 0px;border-width: 0px 0px 0px 0px;border-color:#eae9e9;border-style:solid;\" ><div class=\"fusion-builder-row fusion-row\"><div class=\"fusion-layout-column fusion_builder_column fusion-builder-column-4 fusion_builder_column_1_1 1_1 fusion-one-full fusion-column-first fusion-column-last\" style=\"margin-top:0px;margin-bottom:20px;\"><div class=\"fusion-column-wrapper fusion-flex-column-wrapper-legacy\" style=\"background-position:left top;background-repeat:no-repeat;-webkit-background-size:cover;-moz-background-size:cover;-o-background-size:cover;background-size:cover;padding: 0px 0px 0px 0px;\"><div class=\"fusion-blog-shortcode fusion-blog-shortcode-1 fusion-blog-archive fusion-blog-layout-grid-wrapper fusion-blog-infinite\"><style type=\"text\/css\">.fusion-blog-shortcode-1 .fusion-blog-layout-grid .fusion-post-grid{padding:10px;}.fusion-blog-shortcode-1 .fusion-posts-container{margin-left: -10px !important; margin-right:-10px !important;}<\/style><div class=\"fusion-posts-container fusion-posts-container-infinite fusion-posts-container-load-more fusion-no-meta-info fusion-blog-rollover fusion-blog-layout-grid fusion-blog-layout-grid-4 isotope fusion-blog-equal-heights\" data-pages=\"1\" data-grid-col-space=\"20\" style=\"margin: -10px -10px 0;min-height:500px;\"><article id=\"blog-1-post-1799\" class=\"fusion-post-grid post-1799 post type-post status-publish format-standard has-post-thumbnail hentry category-unkategorisiert\">\n<div class=\"fusion-post-wrapper\" style=\"background-color:rgba(242,242,242,1);border:none;\">\n\n\t\t\t<div class=\"fusion-flexslider flexslider fusion-flexslider-loading fusion-post-slideshow\" style=\"border-color:rgba(255,255,255,0);\">\n\t\t<ul class=\"slides\">\n\t\t\t\n\t\t\t\t\t\t\t\t\t\t\t\t\t\t<li><div  class=\"fusion-image-wrapper\" aria-haspopup=\"true\">\n\t\t\t\t  <img width=\"773\" height=\"560\" src=\"https:\/\/ekom-vzt.cz\/wp-content\/uploads\/2021\/05\/zavodni-jidelna-skoda-auto-3.jpg\" class=\"attachment-full size-full wp-post-image\" alt=\"\" srcset=\"https:\/\/ekom-vzt.cz\/wp-content\/uploads\/2021\/05\/zavodni-jidelna-skoda-auto-3-200x145.jpg 200w, https:\/\/ekom-vzt.cz\/wp-content\/uploads\/2021\/05\/zavodni-jidelna-skoda-auto-3-400x290.jpg 400w, https:\/\/ekom-vzt.cz\/wp-content\/uploads\/2021\/05\/zavodni-jidelna-skoda-auto-3-600x435.jpg 600w, https:\/\/ekom-vzt.cz\/wp-content\/uploads\/2021\/05\/zavodni-jidelna-skoda-auto-3.jpg 773w\" sizes=\"(min-width: 2200px) 100vw, (min-width: 856px) 285px, (min-width: 784px) 380px, (min-width: 712px) 570px, (min-width: 640px) 712px, \" \/><div class=\"fusion-rollover\">\n\t<div class=\"fusion-rollover-content\">\n\n\t\t\t\t\t\t\t\t\t\t\t\t\t\t<a class=\"fusion-rollover-link\" href=\"https:\/\/ekom-vzt.cz\/de\/unkategorisiert\/realisierung-des-auftrags-der-rohstoffkueche-fuer-skoda-auto\/\">REALISIERUNG DES AUFTRAGS DER ROHSTOFFK\u00dcCHE F\u00dcR \u0160KODA AUTO<\/a>\n\t\t\t\n\t\t\t\t\t\t\t\t\n\t\t\n\t\t\t\t\t\t\t\t\n\t\t\t\t\t\t\t\t\n\t\t\n\t\t\t\t\t\t<a class=\"fusion-link-wrapper\" href=\"https:\/\/ekom-vzt.cz\/de\/unkategorisiert\/realisierung-des-auftrags-der-rohstoffkueche-fuer-skoda-auto\/\" aria-label=\"REALISIERUNG DES AUFTRAGS DER ROHSTOFFK\u00dcCHE F\u00dcR \u0160KODA AUTO\"><\/a>\n\t<\/div>\n<\/div>\n<\/div>\n<\/li>\n\t\t\t\n\t\t\t\n\t\t\t\t\t\t\t\t\t\t\t\t\t\t\t\t\t\t\t\t\t\t\t\t\t\t\t\t\t\t\t\t\t\t\t\t\t\t\t\t\t\t\t\t\t\t\t\t\t\t\t\t\t\t\t\t\t\t\t\t\t\t\t\t\t\t\t\t<\/ul>\n\t<\/div>\n\t<div class=\"fusion-post-content-wrapper\" style=\"padding:20px 30px 13px 30px;\"><div class=\"fusion-post-content post-content\"><h2 class=\"blog-shortcode-post-title entry-title\"><a href=\"https:\/\/ekom-vzt.cz\/de\/unkategorisiert\/realisierung-des-auftrags-der-rohstoffkueche-fuer-skoda-auto\/\">REALISIERUNG DES AUFTRAGS DER ROHSTOFFK\u00dcCHE F\u00dcR \u0160KODA AUTO<\/a><\/h2><\/div><\/div><div class=\"fusion-clearfix\"><\/div><\/div>\n<\/article>\n<div class=\"fusion-clearfix\"><\/div><\/div><\/div><div class=\"fusion-clearfix\"><\/div><\/div><\/div><\/div><\/div><\/p>\n","protected":false},"excerpt":{"rendered":"","protected":false},"author":3,"featured_media":0,"parent":0,"menu_order":0,"comment_status":"closed","ping_status":"closed","template":"100-width.php","meta":[],"_links":{"self":[{"href":"https:\/\/ekom-vzt.cz\/de\/wp-json\/wp\/v2\/pages\/1736"}],"collection":[{"href":"https:\/\/ekom-vzt.cz\/de\/wp-json\/wp\/v2\/pages"}],"about":[{"href":"https:\/\/ekom-vzt.cz\/de\/wp-json\/wp\/v2\/types\/page"}],"author":[{"embeddable":true,"href":"https:\/\/ekom-vzt.cz\/de\/wp-json\/wp\/v2\/users\/3"}],"replies":[{"embeddable":true,"href":"https:\/\/ekom-vzt.cz\/de\/wp-json\/wp\/v2\/comments?post=1736"}],"version-history":[{"count":2,"href":"https:\/\/ekom-vzt.cz\/de\/wp-json\/wp\/v2\/pages\/1736\/revisions"}],"predecessor-version":[{"id":1738,"href":"https:\/\/ekom-vzt.cz\/de\/wp-json\/wp\/v2\/pages\/1736\/revisions\/1738"}],"wp:attachment":[{"href":"https:\/\/ekom-vzt.cz\/de\/wp-json\/wp\/v2\/media?parent=1736"}],"curies":[{"name":"wp","href":"https:\/\/api.w.org\/{rel}","templated":true}]}}