{"id":1739,"date":"2021-09-23T09:25:09","date_gmt":"2021-09-23T07:25:09","guid":{"rendered":"https:\/\/ekom-vzt.cz\/?page_id=1739"},"modified":"2022-02-16T09:26:05","modified_gmt":"2022-02-16T08:26:05","slug":"stellenangebot","status":"publish","type":"page","link":"https:\/\/ekom-vzt.cz\/de\/stellenangebot\/","title":{"rendered":"Stellenangebot"},"content":{"rendered":"<p><div class=\"fusion-fullwidth fullwidth-box fusion-builder-row-1 nonhundred-percent-fullwidth non-hundred-percent-height-scrolling\" style=\"background-color: rgba(255,255,255,0);background-position: center center;background-repeat: no-repeat;padding-top:0px;padding-right:0px;padding-bottom:0px;padding-left:0px;margin-bottom: 0px;margin-top: 0px;border-width: 0px 0px 0px 0px;border-color:#eae9e9;border-style:solid;\" ><div class=\"fusion-builder-row fusion-row\"><div class=\"fusion-layout-column fusion_builder_column fusion-builder-column-0 fusion_builder_column_3_5 3_5 fusion-three-fifth fusion-column-first\" style=\"width:60%;width:calc(60% - ( ( 4% ) * 0.6 ) );margin-right: 4%;margin-top:0px;margin-bottom:20px;\"><div class=\"fusion-column-wrapper fusion-flex-column-wrapper-legacy\" style=\"background-position:left top;background-repeat:no-repeat;-webkit-background-size:cover;-moz-background-size:cover;-o-background-size:cover;background-size:cover;padding: 0px 0px 0px 0px;\"><style type=\"text\/css\"><\/style><div class=\"fusion-title title fusion-title-1 fusion-sep-none fusion-title-text fusion-title-size-two\" style=\"margin-top:0px;margin-right:0px;margin-bottom:31px;margin-left:0px;\"><h2 class=\"title-heading-left fusion-responsive-typography-calculated\" style=\"margin:0;--fontSize:34;line-height:1.4;\">WORT DES GESCH\u00c4FTSF\u00dcHRERS<\/h2><\/div><div class=\"fusion-text fusion-text-1\"><p>Ich bedanke mich f\u00fcr Ihr Interesse und begr\u00fc\u00dfe Sie herzlich auf unserer Personalsite. Unser Unternehmen ist seit 1998 auf dem Markt t\u00e4tig und pr\u00e4sentiert sich w\u00e4hrend seines gesamten Bestehens als wirtschaftlich und personell stabiles und wachsendes Unternehmen auf dem Markt. Wir sind ein selbstbewusstes Unternehmen, das von der Gr\u00f6\u00dfe eines Familienunternehmens auf rund 80 Mitarbeiter gewachsen ist, basierend auf der Verantwortung und Zielstrebigkeit aller unserer Kollegen.<\/p>\n<p>Unser Team besteht aus Experten aus den Reihen der Produktions-, Montage-, Vertriebs- und Projektspezialisten und des Managements. Wir freuen uns, wenn Sie Zeit und Interesse f\u00fcr ein pers\u00f6nliches Gespr\u00e4ch mit einem Einblick in unser Unternehmen haben.<\/p>\n<p>Wir freuen uns darauf, gemeinsam weitere Projekte zu realisieren und unser Team weiterzuentwickeln.<\/p>\n<p><span style=\"font-size: 14px;\"><strong>Jaroslav Sou\u010dek<\/strong><br \/>\n<em>Gesch\u00e4ftsf\u00fchrer<\/em><\/span><\/p>\n<\/div><div class=\"fusion-clearfix\"><\/div><\/div><\/div><div class=\"fusion-layout-column fusion_builder_column fusion-builder-column-1 fusion_builder_column_2_5 2_5 fusion-two-fifth fusion-column-last\" style=\"width:40%;width:calc(40% - ( ( 4% ) * 0.4 ) );margin-top:0px;margin-bottom:20px;\"><div class=\"fusion-column-wrapper fusion-flex-column-wrapper-legacy\" style=\"background-position:left top;background-repeat:no-repeat;-webkit-background-size:cover;-moz-background-size:cover;-o-background-size:cover;background-size:cover;padding: 0px 0px 0px 0px;\"><span class=\" fusion-imageframe imageframe-none imageframe-1 hover-type-none\"><img width=\"355\" height=\"214\" src=\"https:\/\/ekom-vzt.cz\/wp-content\/uploads\/2018\/04\/logo_ekom_new_big.png\" class=\"img-responsive wp-image-1601\" srcset=\"https:\/\/ekom-vzt.cz\/wp-content\/uploads\/2018\/04\/logo_ekom_new_big-200x121.png 200w, https:\/\/ekom-vzt.cz\/wp-content\/uploads\/2018\/04\/logo_ekom_new_big.png 355w\" sizes=\"(max-width: 800px) 100vw, 355px\" \/><\/span><div class=\"fusion-clearfix\"><\/div><\/div><\/div><div class=\"fusion-layout-column fusion_builder_column fusion-builder-column-2 fusion_builder_column_1_4 1_4 fusion-one-fourth fusion-column-first\" style=\"width:25%;width:calc(25% - ( ( 20px + 20px + 20px ) * 0.25 ) );margin-right: 20px;margin-top:0px;margin-bottom:30px;\"><div class=\"fusion-column-wrapper fusion-flex-column-wrapper-legacy\" style=\"background-position:left top;background-repeat:no-repeat;-webkit-background-size:cover;-moz-background-size:cover;-o-background-size:cover;background-size:cover;padding: 50px 30px 50px 30px;\"><div class=\"fusion-clearfix\"><\/div><\/div><\/div><div class=\"fusion-layout-column fusion_builder_column fusion-builder-column-3 fusion_builder_column_1_4 1_4 fusion-one-fourth\" style=\"width:25%;width:calc(25% - ( ( 20px + 20px + 20px ) * 0.25 ) );margin-right: 20px;margin-top:0px;margin-bottom:30px;\"><div class=\"fusion-column-wrapper fusion-flex-column-wrapper-legacy\" style=\"background-position:left top;background-repeat:no-repeat;-webkit-background-size:cover;-moz-background-size:cover;-o-background-size:cover;background-size:cover;background-color:#008bd0;padding: 50px 30px 50px 30px;\"><div class=\"fusion-fa-align-center\"><i class=\"fb-icon-element-1 fb-icon-element fontawesome-icon fa fa-bed circle-no\" style=\"font-size:35px;\"><\/i><\/div><style>i.fb-icon-element.fontawesome-icon.fb-icon-element-1{ color: #ffffff;}i.fb-icon-element.fontawesome-icon.fb-icon-element-1:hover { color: #ffffff;}<\/style><style type=\"text\/css\"><\/style><div class=\"fusion-title title fusion-title-2 fusion-sep-none fusion-title-center fusion-title-text fusion-title-size-three kariera-nadpis\" style=\"margin-top:30px;margin-right:0px;margin-bottom:0px;margin-left:0px;\"><h3 class=\"title-heading-center fusion-responsive-typography-calculated\" style=\"margin:0;--fontSize:22;--minFontSize:22px;line-height:1.4;\">UNTERBRINGUNGSZUSCHUSS<\/h3><\/div><div class=\"fusion-clearfix\"><\/div><\/div><\/div><div class=\"fusion-layout-column fusion_builder_column fusion-builder-column-4 fusion_builder_column_1_4 1_4 fusion-one-fourth\" style=\"width:25%;width:calc(25% - ( ( 20px + 20px + 20px ) * 0.25 ) );margin-right: 20px;margin-top:0px;margin-bottom:30px;\"><div class=\"fusion-column-wrapper fusion-flex-column-wrapper-legacy\" style=\"background-position:left top;background-repeat:no-repeat;-webkit-background-size:cover;-moz-background-size:cover;-o-background-size:cover;background-size:cover;background-color:#008bd0;padding: 50px 30px 50px 30px;\"><div class=\"fusion-fa-align-center\"><i class=\"fb-icon-element-2 fb-icon-element fontawesome-icon fa fa-graduation-cap circle-no\" style=\"font-size:35px;\"><\/i><\/div><style>i.fb-icon-element.fontawesome-icon.fb-icon-element-2{ color: #ffffff;}i.fb-icon-element.fontawesome-icon.fb-icon-element-2:hover { color: #ffffff;}<\/style><style type=\"text\/css\"><\/style><div class=\"fusion-title title fusion-title-3 fusion-sep-none fusion-title-center fusion-title-text fusion-title-size-three kariera-nadpis\" style=\"margin-top:30px;margin-right:0px;margin-bottom:0px;margin-left:0px;\"><h3 class=\"title-heading-center fusion-responsive-typography-calculated\" style=\"margin:0;--fontSize:22;--minFontSize:22px;line-height:1.4;\">FIRMENBILDUNG<\/h3><\/div><div class=\"fusion-clearfix\"><\/div><\/div><\/div><div class=\"fusion-layout-column fusion_builder_column fusion-builder-column-5 fusion_builder_column_1_4 1_4 fusion-one-fourth fusion-column-last\" style=\"width:25%;width:calc(25% - ( ( 20px + 20px + 20px ) * 0.25 ) );margin-top:0px;margin-bottom:30px;\"><div class=\"fusion-column-wrapper fusion-flex-column-wrapper-legacy\" style=\"background-position:left top;background-repeat:no-repeat;-webkit-background-size:cover;-moz-background-size:cover;-o-background-size:cover;background-size:cover;padding: 50px 30px 50px 30px;\"><div class=\"fusion-clearfix\"><\/div><\/div><\/div><div class=\"fusion-layout-column fusion_builder_column fusion-builder-column-6 fusion_builder_column_1_1 1_1 fusion-one-full fusion-column-first fusion-column-last\" style=\"margin-top:0px;margin-bottom:20px;\"><div class=\"fusion-column-wrapper fusion-flex-column-wrapper-legacy\" style=\"background-position:left top;background-repeat:no-repeat;-webkit-background-size:cover;-moz-background-size:cover;-o-background-size:cover;background-size:cover;padding: 0px 0px 0px 0px;\"><div class=\"fusion-sep-clear\"><\/div><div class=\"fusion-separator fusion-has-icon fusion-full-width-sep fusion-clearfix\" style=\"float:left;margin-top:40px;margin-bottom:40px;width:100%;\"><div class=\"fusion-separator-border sep-single sep-solid\" style=\"border-color:#e0e0e2;border-top-width:1px;\"><\/div><span class=\"icon-wrapper\" style=\"border-color:#e0e0e2;background-color:#ffffff;font-size:16px;width: 1.75em; height: 1.75em;border-width:1px;padding:1px;margin-top:-0.5px\"><i class=\" fa fa-angle-double-down\" style=\"font-size: inherit;color:#e0e0e2;\" aria-hidden=\"true\"><\/i><\/span><div class=\"fusion-separator-border sep-single sep-solid\" style=\"border-color:#e0e0e2;border-top-width:1px;\"><\/div><\/div><div class=\"fusion-sep-clear\"><\/div><div class=\"fusion-clearfix\"><\/div><\/div><\/div><div class=\"fusion-layout-column fusion_builder_column fusion-builder-column-7 fusion_builder_column_1_3 1_3 fusion-one-third fusion-column-first\" style=\"width:33.333333333333%;width:calc(33.333333333333% - ( ( 4% + 4% ) * 0.33333333333333 ) );margin-right: 4%;margin-top:0px;margin-bottom:20px;\"><div class=\"fusion-column-wrapper fusion-flex-column-wrapper-legacy\" style=\"background-position:left top;background-repeat:no-repeat;-webkit-background-size:cover;-moz-background-size:cover;-o-background-size:cover;background-size:cover;padding: 0px 0px 0px 0px;\"><style type=\"text\/css\"><\/style><div class=\"fusion-title title fusion-title-4 fusion-sep-none fusion-title-center fusion-title-text fusion-title-size-four\" style=\"margin-top:0px;margin-right:0px;margin-bottom:31px;margin-left:0px;\"><h4 class=\"title-heading-center fusion-responsive-typography-calculated\" style=\"margin:0;--fontSize:20;--minFontSize:20px;line-height:1.5;\">M\u00f6chtest du Teil unseres Teams sein?<\/h4><\/div><div class=\"fusion-clearfix\"><\/div><\/div><\/div><div class=\"fusion-layout-column fusion_builder_column fusion-builder-column-8 fusion_builder_column_1_3 1_3 fusion-one-third\" style=\"width:33.333333333333%;width:calc(33.333333333333% - ( ( 4% + 4% ) * 0.33333333333333 ) );margin-right: 4%;margin-top:0px;margin-bottom:20px;\"><div class=\"fusion-column-wrapper fusion-flex-column-wrapper-legacy\" style=\"background-position:left top;background-repeat:no-repeat;-webkit-background-size:cover;-moz-background-size:cover;-o-background-size:cover;background-size:cover;padding: 0px 0px 0px 0px;\"><style type=\"text\/css\"><\/style><div class=\"fusion-title title fusion-title-5 fusion-sep-none fusion-title-center fusion-title-text fusion-title-size-four\" style=\"margin-top:0px;margin-right:0px;margin-bottom:31px;margin-left:0px;\"><h4 class=\"title-heading-center fusion-responsive-typography-calculated\" style=\"margin:0;--fontSize:20;--minFontSize:20px;line-height:1.5;\">M\u00f6chtest du an sinnvollen Projekten teilnehmen?<\/h4><\/div><div class=\"fusion-clearfix\"><\/div><\/div><\/div><div class=\"fusion-layout-column fusion_builder_column fusion-builder-column-9 fusion_builder_column_1_3 1_3 fusion-one-third fusion-column-last\" style=\"width:33.333333333333%;width:calc(33.333333333333% - ( ( 4% + 4% ) * 0.33333333333333 ) );margin-top:0px;margin-bottom:20px;\"><div class=\"fusion-column-wrapper fusion-flex-column-wrapper-legacy\" style=\"background-position:left top;background-repeat:no-repeat;-webkit-background-size:cover;-moz-background-size:cover;-o-background-size:cover;background-size:cover;padding: 0px 0px 0px 0px;\"><style type=\"text\/css\"><\/style><div class=\"fusion-title title fusion-title-6 fusion-sep-none fusion-title-center fusion-title-text fusion-title-size-four\" style=\"margin-top:0px;margin-right:0px;margin-bottom:31px;margin-left:0px;\"><h4 class=\"title-heading-center fusion-responsive-typography-calculated\" style=\"margin:0;--fontSize:20;--minFontSize:20px;line-height:1.5;\">M\u00f6chtest du interessant bewertet werden?<\/h4><\/div><div class=\"fusion-clearfix\"><\/div><\/div><\/div><\/div><\/div><div class=\"fusion-fullwidth fullwidth-box fusion-builder-row-2 nonhundred-percent-fullwidth non-hundred-percent-height-scrolling\" style=\"background-color: rgba(255,255,255,0);background-position: center center;background-repeat: no-repeat;padding-top:0px;padding-right:0px;padding-bottom:0px;padding-left:0px;margin-bottom: 0px;margin-top: 0px;border-width: 0px 0px 0px 0px;border-color:#eae9e9;border-style:solid;\" ><div class=\"fusion-builder-row fusion-row\"><div class=\"fusion-layout-column fusion_builder_column fusion-builder-column-10 fusion_builder_column_1_2 1_2 fusion-one-half fusion-column-first inzerat-col\" style=\"width:50%;width:calc(50% - ( ( 20px ) * 0.5 ) );margin-right: 20px;margin-top:0px;margin-bottom:20px;\"><div class=\"fusion-column-wrapper fusion-flex-column-wrapper-legacy\" style=\"background-position:left top;background-repeat:no-repeat;-webkit-background-size:cover;-moz-background-size:cover;-o-background-size:cover;background-size:cover;padding: 0px 0px 0px 0px;\"><a class=\"fusion-modal-text-link\" data-toggle=\"modal\" data-target=\".fusion-modal.elektromonter\" href=\"#\"><i class=\"fb-icon-element-3 fb-icon-element fontawesome-icon fa fa-file-text circle-no fusion-text-flow\" style=\"font-size:32px;margin-right:16px;\"><\/i><style>i.fb-icon-element.fontawesome-icon.fb-icon-element-3{ color: #ffffff;}i.fb-icon-element.fontawesome-icon.fb-icon-element-3:hover { color: #ffffff;}<\/style><style type=\"text\/css\"><\/style><div class=\"fusion-title title fusion-title-7 fusion-sep-none fusion-title-text fusion-title-size-two\" style=\"margin-top:0px;margin-right:0px;margin-bottom:0px;margin-left:0px;\"><h2 class=\"title-heading-left fusion-responsive-typography-calculated\" style=\"margin:0;--fontSize:34;line-height:1.4;\"><span style=\"color: #ffffff;\">Elektromonteur<\/span><\/h2><\/div><div class=\"fusion-text fusion-text-2\"><p>mehr Infos<i class=\"fas fa-long-arrow-alt-right\"><\/i><\/p>\n<\/div><\/a><div class=\"fusion-modal modal fade modal-1 elektromonter\" tabindex=\"-1\" role=\"dialog\" aria-labelledby=\"modal-heading-1\" aria-hidden=\"true\"><style type=\"text\/css\">.modal-1 .modal-header, .modal-1 .modal-footer{border-color:#ebebeb;}<\/style><div class=\"modal-dialog modal-lg\" role=\"document\"><div class=\"modal-content fusion-modal-content\" style=\"background-color:#f6f6f6\"><div class=\"modal-header\"><button class=\"close\" type=\"button\" data-dismiss=\"modal\" aria-hidden=\"true\" aria-label=\"Close\">&times;<\/button><h3 class=\"modal-title\" id=\"modal-heading-1\" data-dismiss=\"modal\" aria-hidden=\"true\">Elektromont\u00e9r<\/h3><\/div><div class=\"modal-body fusion-clearfix\"><strong>M\u00edsto pr\u00e1ce:<\/strong> St\u0159edo\u010desk\u00fd, v\u00fdchodo\u010desk\u00fd a&nbsp;severo\u010desk\u00fd kraj<\/p>\n<p><strong>N\u00e1pl\u0148 pr\u00e1ce:<\/strong><br \/>\nInstalace elektro pro technologick\u00e1 za\u0159\u00edzen\u00ed.<\/p>\n<h4><strong>Po\u017eadujeme:<\/strong><\/h4>\n<ul>\n<li>vzd\u011bl\u00e1n\u00ed elektro pop\u0159.&nbsp;technick\u00e9<\/li>\n<li>praxe v\u00a0oboru<\/li>\n<li>vyhl\u00e1\u0161ka 50 \u00a76<\/li>\n<li>\u0158P sk. B<\/li>\n<\/ul>\n<h4><strong>Nab\u00edz\u00edme:<\/strong><\/h4>\n<ul>\n<li>pr\u00e1ci na HPP<\/li>\n<li>mzdov\u00e9 ohodnocen\u00ed 40.000-70.000&nbsp;K\u010d<\/li>\n<li>slu\u017eebn\u00ed v\u016fz<\/li>\n<li>pololetn\u00ed odm\u011bny dle pracovn\u00edho v\u00fdkonu<\/li>\n<li>mo\u017enost vzd\u011bl\u00e1v\u00e1n\u00ed<\/li>\n<li>mo\u017enost ubytov\u00e1n\u00ed<\/li>\n<li>mo\u017enost pracovn\u00edch turnus\u016f<\/li>\n<\/ul>\n<p><strong>\u00a0Term\u00edn n\u00e1stupu:<\/strong> dle dohody<\/p>\n<p>V p\u0159\u00edpad\u011b, \u017ee V\u00e1s tato nab\u00edzen\u00e1 pozice zaujala, za\u0161lete n\u00e1m V\u00e1\u0161 \u017eivotopis s&nbsp;n\u00e1zvem pracovn\u00ed pozice, o&nbsp;kterou se uch\u00e1z\u00edte.<br \/>\nOdpov\u011b\u010f pi\u0161te na e-mailovou adresu: <strong><a href=\"mailto:renata.sindelarova@ekom-vzt.cz\">renata.sindelarova@ekom-vzt.cz<\/a><\/strong><\/div><\/div><\/div><\/div><div class=\"fusion-clearfix\"><\/div><\/div><\/div><div class=\"fusion-layout-column fusion_builder_column fusion-builder-column-11 fusion_builder_column_1_2 1_2 fusion-one-half fusion-column-last inzerat-col\" style=\"width:50%;width:calc(50% - ( ( 20px ) * 0.5 ) );margin-top:0px;margin-bottom:20px;\"><div class=\"fusion-column-wrapper fusion-flex-column-wrapper-legacy\" style=\"background-position:left top;background-repeat:no-repeat;-webkit-background-size:cover;-moz-background-size:cover;-o-background-size:cover;background-size:cover;padding: 0px 0px 0px 0px;\"><a class=\"fusion-modal-text-link\" data-toggle=\"modal\" data-target=\".fusion-modal.monter-chladiciho-zarizeni\" href=\"#\"><i class=\"fb-icon-element-4 fb-icon-element fontawesome-icon fa fa-file-text circle-no fusion-text-flow\" style=\"font-size:32px;margin-right:16px;\"><\/i><style>i.fb-icon-element.fontawesome-icon.fb-icon-element-4{ color: #ffffff;}i.fb-icon-element.fontawesome-icon.fb-icon-element-4:hover { color: #ffffff;}<\/style><style type=\"text\/css\"><\/style><div class=\"fusion-title title fusion-title-8 fusion-sep-none fusion-title-text fusion-title-size-two\" style=\"margin-top:0px;margin-right:0px;margin-bottom:0px;margin-left:0px;\"><h2 class=\"title-heading-left fusion-responsive-typography-calculated\" style=\"margin:0;--fontSize:34;line-height:1.4;\"><span style=\"color: #ffffff;\">K\u00fchlanlagenmonteur<\/span><\/h2><\/div><div class=\"fusion-text fusion-text-3\"><p>mehr Infos <i class=\"fas fa-long-arrow-alt-right\"><\/i><\/p>\n<\/div><\/a><div class=\"fusion-modal modal fade modal-2 monter-chladiciho-zarizeni\" tabindex=\"-1\" role=\"dialog\" aria-labelledby=\"modal-heading-2\" aria-hidden=\"true\"><style type=\"text\/css\">.modal-2 .modal-header, .modal-2 .modal-footer{border-color:#ebebeb;}<\/style><div class=\"modal-dialog modal-lg\" role=\"document\"><div class=\"modal-content fusion-modal-content\" style=\"background-color:#f6f6f6\"><div class=\"modal-header\"><button class=\"close\" type=\"button\" data-dismiss=\"modal\" aria-hidden=\"true\" aria-label=\"Close\">&times;<\/button><h3 class=\"modal-title\" id=\"modal-heading-2\" data-dismiss=\"modal\" aria-hidden=\"true\">Mont\u00e9r chlad\u00edc\u00edho za\u0159\u00edzen\u00ed<\/h3><\/div><div class=\"modal-body fusion-clearfix\"><strong>M\u00edsto pr\u00e1ce:<\/strong> St\u0159edo\u010desk\u00fd, v\u00fdchodo\u010desk\u00fd a&nbsp;severo\u010desk\u00fd kraj<\/p>\n<p><strong>N\u00e1pl\u0148 pr\u00e1ce:<\/strong><br \/>\nMont\u00e1\u017ee chlad\u00edc\u00edho za\u0159\u00edzen\u00ed<\/p>\n<h4>Po\u017eadujeme:<\/h4>\n<ul>\n<li>vzd\u011bl\u00e1n\u00ed elektro pop\u0159.&nbsp;technick\u00e9<\/li>\n<li>praxe v\u00a0oboru<\/li>\n<li>vyhl\u00e1\u0161ka 50 \u00a76<\/li>\n<li>\u0158P sk. B<\/li>\n<\/ul>\n<h4><strong>Nab\u00edz\u00edme:<\/strong><\/h4>\n<ul>\n<li>pr\u00e1ci na HPP<\/li>\n<li>mzdov\u00e9 ohodnocen\u00ed 40.000-70.000&nbsp;K\u010d<\/li>\n<li>slu\u017eebn\u00ed v\u016fz<\/li>\n<li>pololetn\u00ed odm\u011bny dle pracovn\u00edho v\u00fdkonu<\/li>\n<li>mo\u017enost vzd\u011bl\u00e1v\u00e1n\u00ed<\/li>\n<li>mo\u017enost ubytov\u00e1n\u00ed<\/li>\n<li>mo\u017enost pracovn\u00edch turnus\u016f<\/li>\n<\/ul>\n<p><strong>\u00a0Term\u00edn n\u00e1stupu:<\/strong> dle dohody<\/p>\n<p>V p\u0159\u00edpad\u011b, \u017ee V\u00e1s tato nab\u00edzen\u00e1 pozice zaujala, za\u0161lete n\u00e1m V\u00e1\u0161 \u017eivotopis s&nbsp;n\u00e1zvem pracovn\u00ed pozice, o&nbsp;kterou se uch\u00e1z\u00edte.<br \/>\nOdpov\u011b\u010f pi\u0161te na e-mailovou adresu: <strong><a href=\"mailto:renata.sindelarova@ekom-vzt.cz\">renata.sindelarova@ekom-vzt.cz<\/a><\/strong><\/div><\/div><\/div><\/div><div class=\"fusion-clearfix\"><\/div><\/div><\/div><\/div><\/div><\/p>\n","protected":false},"excerpt":{"rendered":"","protected":false},"author":3,"featured_media":0,"parent":0,"menu_order":0,"comment_status":"closed","ping_status":"closed","template":"100-width.php","meta":[],"_links":{"self":[{"href":"https:\/\/ekom-vzt.cz\/de\/wp-json\/wp\/v2\/pages\/1739"}],"collection":[{"href":"https:\/\/ekom-vzt.cz\/de\/wp-json\/wp\/v2\/pages"}],"about":[{"href":"https:\/\/ekom-vzt.cz\/de\/wp-json\/wp\/v2\/types\/page"}],"author":[{"embeddable":true,"href":"https:\/\/ekom-vzt.cz\/de\/wp-json\/wp\/v2\/users\/3"}],"replies":[{"embeddable":true,"href":"https:\/\/ekom-vzt.cz\/de\/wp-json\/wp\/v2\/comments?post=1739"}],"version-history":[{"count":5,"href":"https:\/\/ekom-vzt.cz\/de\/wp-json\/wp\/v2\/pages\/1739\/revisions"}],"predecessor-version":[{"id":1856,"href":"https:\/\/ekom-vzt.cz\/de\/wp-json\/wp\/v2\/pages\/1739\/revisions\/1856"}],"wp:attachment":[{"href":"https:\/\/ekom-vzt.cz\/de\/wp-json\/wp\/v2\/media?parent=1739"}],"curies":[{"name":"wp","href":"https:\/\/api.w.org\/{rel}","templated":true}]}}