{"id":1411,"date":"2021-09-22T13:57:25","date_gmt":"2021-09-22T11:57:25","guid":{"rendered":"https:\/\/ekom-vzt.cz\/?page_id=1411"},"modified":"2024-03-20T09:44:16","modified_gmt":"2024-03-20T08:44:16","slug":"pza-p","status":"publish","type":"page","link":"https:\/\/ekom-vzt.cz\/en\/production\/industrial-weather-grilles\/pza-p\/","title":{"rendered":"P\u017dA-P"},"content":{"rendered":"<div class=\"fusion-fullwidth fullwidth-box fusion-builder-row-1 nonhundred-percent-fullwidth non-hundred-percent-height-scrolling\" style=\"background-color: rgba(255,255,255,0);background-position: center center;background-repeat: no-repeat;padding-top:30px;padding-right:0px;padding-bottom:0px;padding-left:0px;margin-bottom: 0px;margin-top: 0px;border-width: 0px 0px 0px 0px;border-color:#eae9e9;border-style:solid;\" ><div class=\"fusion-builder-row fusion-row\"><div class=\"fusion-layout-column fusion_builder_column fusion-builder-column-0 fusion_builder_column_1_3 1_3 fusion-one-third fusion-column-first\" style=\"width:33.333333333333%;width:calc(33.333333333333% - ( ( 4% ) * 0.33333333333333 ) );margin-right: 4%;margin-top:0px;margin-bottom:20px;\"><div class=\"fusion-column-wrapper fusion-flex-column-wrapper-legacy\" style=\"background-position:left top;background-repeat:no-repeat;-webkit-background-size:cover;-moz-background-size:cover;-o-background-size:cover;background-size:cover;padding: 0px 0px 0px 0px;\"><style type=\"text\/css\">.fusion-gallery-1 .fusion-gallery-image {border:0px solid #e2e2e2;}<\/style><div class=\"fusion-gallery fusion-gallery-container fusion-grid-2 fusion-columns-total-1 fusion-gallery-layout-grid fusion-gallery-1\" style=\"margin:-5px;\"><div style=\"padding:5px;\" class=\"fusion-grid-column fusion-gallery-column fusion-gallery-column-2 hover-type-zoomin\"><div class=\"fusion-gallery-image\"><a href=\"https:\/\/ekom-vzt.cz\/wp-content\/uploads\/2018\/05\/P\u017dA-P_protide\u0161\u0165ov\u00e1_\u017ealuzie.jpg\" rel=\"noreferrer\" data-rel=\"iLightbox[gallery_image_1]\" class=\"fusion-lightbox\" target=\"_self\"><img src=\"https:\/\/ekom-vzt.cz\/wp-content\/uploads\/2018\/05\/P\u017dA-P_protide\u0161\u0165ov\u00e1_\u017ealuzie.jpg\" width=\"1296\" height=\"1944\" alt=\"\" title=\"P\u017dA-P_protide\u0161\u0165ov\u00e1_\u017ealuzie\" aria-label=\"P\u017dA-P_protide\u0161\u0165ov\u00e1_\u017ealuzie\" class=\"img-responsive wp-image-807\" srcset=\"https:\/\/ekom-vzt.cz\/wp-content\/uploads\/2018\/05\/P\u017dA-P_protide\u0161\u0165ov\u00e1_\u017ealuzie-200x300.jpg 200w, https:\/\/ekom-vzt.cz\/wp-content\/uploads\/2018\/05\/P\u017dA-P_protide\u0161\u0165ov\u00e1_\u017ealuzie-400x600.jpg 400w, https:\/\/ekom-vzt.cz\/wp-content\/uploads\/2018\/05\/P\u017dA-P_protide\u0161\u0165ov\u00e1_\u017ealuzie-600x900.jpg 600w, https:\/\/ekom-vzt.cz\/wp-content\/uploads\/2018\/05\/P\u017dA-P_protide\u0161\u0165ov\u00e1_\u017ealuzie-800x1200.jpg 800w, https:\/\/ekom-vzt.cz\/wp-content\/uploads\/2018\/05\/P\u017dA-P_protide\u0161\u0165ov\u00e1_\u017ealuzie-1200x1800.jpg 1200w, https:\/\/ekom-vzt.cz\/wp-content\/uploads\/2018\/05\/P\u017dA-P_protide\u0161\u0165ov\u00e1_\u017ealuzie.jpg 1296w\" sizes=\"(min-width: 2200px) 100vw, (min-width: 712px) 598px, (min-width: 640px) 712px, \" \/><\/a><\/div><\/div><\/div><div class=\"fusion-clearfix\"><\/div><\/div><\/div><div class=\"fusion-layout-column fusion_builder_column fusion-builder-column-1 fusion_builder_column_2_3 2_3 fusion-two-third fusion-column-last checklist-blok\" style=\"width:66.666666666667%;width:calc(66.666666666667% - ( ( 4% ) * 0.66666666666667 ) );margin-top:0px;margin-bottom:20px;\"><div class=\"fusion-column-wrapper fusion-flex-column-wrapper-legacy\" style=\"background-position:left top;background-repeat:no-repeat;-webkit-background-size:cover;-moz-background-size:cover;-o-background-size:cover;background-size:cover;padding: 0px 0px 0px 0px;\"><style type=\"text\/css\"><\/style><div class=\"fusion-title title fusion-title-1 fusion-sep-none fusion-title-text fusion-title-size-two\" style=\"margin-top:0px;margin-right:0px;margin-bottom:31px;margin-left:0px;\"><h2 class=\"title-heading-left fusion-responsive-typography-calculated\" style=\"margin:0;--fontSize:34;line-height:1.4;\">Industrial weather grilles<\/h2><\/div><div class=\"fusion-text fusion-text-1\"><p>Weather grilles are used in all types of ventilation equipment and protect the outdoor intake or exhaust openings of ventilation equipment against the entry of rainwater into the building under normal weather conditions.<br \/>\nThe maximum recommended air speed in the flow area is up to 6 ms-1.<\/p>\n<\/div><div class=\"fusion-sep-clear\"><\/div><div class=\"fusion-separator fusion-has-icon fusion-full-width-sep\" style=\"margin-left: auto;margin-right: auto;margin-top:20px;margin-bottom:40px;width:100%;\"><div class=\"fusion-separator-border sep-single sep-solid\" style=\"border-color:#e0e0e2;border-top-width:1px;\"><\/div><span class=\"icon-wrapper\" style=\"border-color:#e0e0e2;background-color:#ffffff;font-size:16px;width: 1.75em; height: 1.75em;border-width:1px;padding:1px;margin-top:-0.5px\"><i class=\" fa fa-angle-double-down\" style=\"font-size: inherit;color:#e0e0e2;\" aria-hidden=\"true\"><\/i><\/span><div class=\"fusion-separator-border sep-single sep-solid\" style=\"border-color:#e0e0e2;border-top-width:1px;\"><\/div><\/div><div class=\"fusion-sep-clear\"><\/div><div class=\"fusion-builder-row fusion-builder-row-inner fusion-row\"><div class=\"fusion-layout-column fusion_builder_column_inner fusion-builder-nested-column-0 fusion_builder_column_inner_1_2 1_2 fusion-one-half fusion-column-first border-dokument\" style=\"width:50%;width:calc(50% - ( ( 0 ) * 0.5 ) );margin-right: 0px;margin-top:0px;margin-bottom:20px;\"><div class=\"fusion-column-wrapper fusion-flex-column-wrapper-legacy\" style=\"background-position:left top;background-repeat:no-repeat;-webkit-background-size:cover;-moz-background-size:cover;-o-background-size:cover;background-size:cover;padding: 0px 10% 0px 0px;\"><style type=\"text\/css\"><\/style><div class=\"fusion-title title fusion-title-2 fusion-sep-none fusion-title-text fusion-title-size-three\" style=\"margin-top:0px;margin-right:0px;margin-bottom:31px;margin-left:0px;\"><h3 class=\"title-heading-left fusion-responsive-typography-calculated\" style=\"margin:0;--fontSize:22;--minFontSize:22px;line-height:1.4;\">Specification<\/h3><\/div><div class=\"fusion-text fusion-text-2\"><p>The P\u017dA-P industrial weather grille consists of a&nbsp;frame and individual blades. The frame and blades are made of galvanized sheet steel. The frame is made of thin-walled profiles, filled with profile blades attached to the side frame. Larger grilles have partitions inserted between the individual rows of blades. The grilles can be installed in the pipes or by means of a&nbsp;wall frame in the wall.<br \/>\nThe weather grilles protect the outdoor intake and exhaust openings of ventilation equipment or ventilation openings of buildings and machinery. If necessary, the grilles can be supplemented with two types of screens against the entry of dirt, namely:<br \/>\n\u2756 Fine screen against insects<br \/>\n\u2756 Coarse screen against bird intrusion.<\/p>\n<\/div><div class=\"fusion-clearfix\"><\/div><\/div><\/div><div class=\"fusion-layout-column fusion_builder_column_inner fusion-builder-nested-column-1 fusion_builder_column_inner_1_2 1_2 fusion-one-half fusion-column-last dok-fix\" style=\"width:50%;width:calc(50% - ( ( 0 ) * 0.5 ) );margin-top:0px;margin-bottom:20px;\"><div class=\"fusion-column-wrapper fusion-flex-column-wrapper-legacy\" style=\"background-position:left top;background-repeat:no-repeat;-webkit-background-size:cover;-moz-background-size:cover;-o-background-size:cover;background-size:cover;border-width: 0 0 0 0;border-color:#e0e0e2;border-style:solid;padding: 0px 0px 0px 10%;\"><style type=\"text\/css\"><\/style><div class=\"fusion-title title fusion-title-3 fusion-sep-none fusion-title-text fusion-title-size-three\" style=\"margin-top:0px;margin-right:0px;margin-bottom:41px;margin-left:0px;\"><h3 class=\"title-heading-left fusion-responsive-typography-calculated\" style=\"margin:0;--fontSize:22;--minFontSize:22px;line-height:1.4;\">Documentation<\/h3><\/div><div class=\"fusion-button-wrapper\"><style type=\"text\/css\">.fusion-button.button-1 .fusion-button-text, .fusion-button.button-1 i {color:#000000;}.fusion-button.button-1 .fusion-button-icon-divider{border-color:#000000;}.fusion-button.button-1:hover .fusion-button-text, .fusion-button.button-1:hover i,.fusion-button.button-1:focus .fusion-button-text, .fusion-button.button-1:focus i,.fusion-button.button-1:active .fusion-button-text, .fusion-button.button-1:active{color:#008bd0;}.fusion-button.button-1:hover .fusion-button-icon-divider, .fusion-button.button-1:hover .fusion-button-icon-divider, .fusion-button.button-1:active .fusion-button-icon-divider{border-color:#008bd0;}.fusion-button.button-1:hover, .fusion-button.button-1:focus, .fusion-button.button-1:active{border-color:#008bd0;}.fusion-button.button-1 {border-color:#000000;border-radius:0px;}.fusion-button.button-1{background: rgba(160,206,78,0);}.fusion-button.button-1:hover,.button-1:focus,.fusion-button.button-1:active{background: #ffffff;}<\/style><a class=\"fusion-button button-flat fusion-button-default-size button-custom button-1 fusion-button-default-span fusion-button-default-type\" target=\"_self\" href=\"https:\/\/ekom-vzt.cz\/wp-content\/uploads\/2024\/03\/certifikat_protidestova_zaluzie.pdf\"><span class=\"fusion-button-text\">Industrial weather grilles certificate<\/span><\/a><\/div><div class=\"fusion-sep-clear\"><\/div><div class=\"fusion-separator fusion-full-width-sep\" style=\"margin-left: auto;margin-right: auto;margin-bottom:20px;width:100%;\"><\/div><div class=\"fusion-sep-clear\"><\/div><div class=\"fusion-button-wrapper\"><style type=\"text\/css\">.fusion-button.button-2 .fusion-button-text, .fusion-button.button-2 i {color:#000000;}.fusion-button.button-2 .fusion-button-icon-divider{border-color:#000000;}.fusion-button.button-2:hover .fusion-button-text, .fusion-button.button-2:hover i,.fusion-button.button-2:focus .fusion-button-text, .fusion-button.button-2:focus i,.fusion-button.button-2:active .fusion-button-text, .fusion-button.button-2:active{color:#008bd0;}.fusion-button.button-2:hover .fusion-button-icon-divider, .fusion-button.button-2:hover .fusion-button-icon-divider, .fusion-button.button-2:active .fusion-button-icon-divider{border-color:#008bd0;}.fusion-button.button-2:hover, .fusion-button.button-2:focus, .fusion-button.button-2:active{border-color:#008bd0;}.fusion-button.button-2 {border-color:#000000;border-radius:0px;}.fusion-button.button-2{background: rgba(160,206,78,0);}.fusion-button.button-2:hover,.button-2:focus,.fusion-button.button-2:active{background: #ffffff;}<\/style><a class=\"fusion-button button-flat fusion-button-default-size button-custom button-2 fusion-button-default-span fusion-button-default-type\" target=\"_self\" href=\"http:\/\/ekom-vzt.cz\/technicke-podminky-pza-p\/\"><span class=\"fusion-button-text\">Technical conditions PDF (7 pp)<\/span><\/a><\/div><div class=\"fusion-clearfix\"><\/div><\/div><\/div><\/div><div class=\"fusion-clearfix\"><\/div><\/div><\/div><\/div><\/div>\n","protected":false},"excerpt":{"rendered":"","protected":false},"author":3,"featured_media":0,"parent":1408,"menu_order":0,"comment_status":"closed","ping_status":"closed","template":"100-width.php","meta":[],"_links":{"self":[{"href":"https:\/\/ekom-vzt.cz\/en\/wp-json\/wp\/v2\/pages\/1411"}],"collection":[{"href":"https:\/\/ekom-vzt.cz\/en\/wp-json\/wp\/v2\/pages"}],"about":[{"href":"https:\/\/ekom-vzt.cz\/en\/wp-json\/wp\/v2\/types\/page"}],"author":[{"embeddable":true,"href":"https:\/\/ekom-vzt.cz\/en\/wp-json\/wp\/v2\/users\/3"}],"replies":[{"embeddable":true,"href":"https:\/\/ekom-vzt.cz\/en\/wp-json\/wp\/v2\/comments?post=1411"}],"version-history":[{"count":3,"href":"https:\/\/ekom-vzt.cz\/en\/wp-json\/wp\/v2\/pages\/1411\/revisions"}],"predecessor-version":[{"id":2047,"href":"https:\/\/ekom-vzt.cz\/en\/wp-json\/wp\/v2\/pages\/1411\/revisions\/2047"}],"up":[{"embeddable":true,"href":"https:\/\/ekom-vzt.cz\/en\/wp-json\/wp\/v2\/pages\/1408"}],"wp:attachment":[{"href":"https:\/\/ekom-vzt.cz\/en\/wp-json\/wp\/v2\/media?parent=1411"}],"curies":[{"name":"wp","href":"https:\/\/api.w.org\/{rel}","templated":true}]}}