{"id":1452,"date":"2021-09-22T14:52:26","date_gmt":"2021-09-22T12:52:26","guid":{"rendered":"https:\/\/ekom-vzt.cz\/?page_id=1452"},"modified":"2021-09-22T14:52:26","modified_gmt":"2021-09-22T12:52:26","slug":"photos","status":"publish","type":"page","link":"https:\/\/ekom-vzt.cz\/en\/photos\/","title":{"rendered":"Photos"},"content":{"rendered":"<p><div class=\"fusion-fullwidth fullwidth-box fusion-builder-row-1 nonhundred-percent-fullwidth non-hundred-percent-height-scrolling\" style=\"background-color: rgba(255,255,255,0);background-position: center center;background-repeat: no-repeat;padding-top:0px;padding-right:0px;padding-bottom:0px;padding-left:0px;margin-bottom: 60px;margin-top: 0px;border-width: 0px 0px 0px 0px;border-color:#eae9e9;border-style:solid;\" ><div class=\"fusion-builder-row fusion-row\"><div class=\"fusion-layout-column fusion_builder_column fusion-builder-column-0 fusion_builder_column_1_1 1_1 fusion-one-full fusion-column-first fusion-column-last\" style=\"margin-top:0px;margin-bottom:20px;\"><div class=\"fusion-column-wrapper fusion-flex-column-wrapper-legacy\" style=\"background-position:left top;background-repeat:no-repeat;-webkit-background-size:cover;-moz-background-size:cover;-o-background-size:cover;background-size:cover;padding: 0px 0px 0px 0px;\"><style type=\"text\/css\"><\/style><div class=\"fusion-title title fusion-title-1 fusion-sep-none fusion-title-center fusion-title-text fusion-title-size-two\" style=\"margin-top:0px;margin-right:0px;margin-bottom:31px;margin-left:0px;\"><h2 class=\"title-heading-center fusion-responsive-typography-calculated\" style=\"margin:0;--fontSize:34;line-height:1.4;\">Realizations<\/h2><\/div><style type=\"text\/css\">.fusion-gallery-1 .fusion-gallery-image {border:0px solid #e2e2e2;}<\/style><div class=\"fusion-gallery fusion-gallery-container fusion-grid-4 fusion-columns-total-20 fusion-gallery-layout-grid fusion-gallery-1\" style=\"margin:-5px;\"><div style=\"padding:5px;\" class=\"fusion-grid-column fusion-gallery-column fusion-gallery-column-4 hover-type-zoomin\"><div class=\"fusion-gallery-image\"><a href=\"https:\/\/ekom-vzt.cz\/wp-content\/uploads\/2018\/03\/realizace_01.jpg\" rel=\"noreferrer\" data-rel=\"iLightbox[gallery_image_1]\" class=\"fusion-lightbox\" target=\"_self\"><img src=\"https:\/\/ekom-vzt.cz\/wp-content\/uploads\/2018\/03\/realizace_01-320x202.jpg\" width=\"320\" height=\"202\" alt=\"\" title=\"realizace_01\" aria-label=\"realizace_01\" class=\"img-responsive wp-image-244 fusion-gallery-image-size-fixed\" \/><\/a><\/div><\/div><div style=\"padding:5px;\" class=\"fusion-grid-column fusion-gallery-column fusion-gallery-column-4 hover-type-zoomin\"><div class=\"fusion-gallery-image\"><a href=\"https:\/\/ekom-vzt.cz\/wp-content\/uploads\/2018\/03\/realizace_02.jpg\" rel=\"noreferrer\" data-rel=\"iLightbox[gallery_image_1]\" class=\"fusion-lightbox\" target=\"_self\"><img src=\"https:\/\/ekom-vzt.cz\/wp-content\/uploads\/2018\/03\/realizace_02-320x202.jpg\" width=\"320\" height=\"202\" alt=\"\" title=\"realizace_02\" aria-label=\"realizace_02\" class=\"img-responsive wp-image-245 fusion-gallery-image-size-fixed\" \/><\/a><\/div><\/div><div style=\"padding:5px;\" class=\"fusion-grid-column fusion-gallery-column fusion-gallery-column-4 hover-type-zoomin\"><div class=\"fusion-gallery-image\"><a href=\"https:\/\/ekom-vzt.cz\/wp-content\/uploads\/2018\/03\/realizace_03.jpg\" rel=\"noreferrer\" data-rel=\"iLightbox[gallery_image_1]\" class=\"fusion-lightbox\" target=\"_self\"><img src=\"https:\/\/ekom-vzt.cz\/wp-content\/uploads\/2018\/03\/realizace_03-320x202.jpg\" width=\"320\" height=\"202\" alt=\"\" title=\"realizace_03\" aria-label=\"realizace_03\" class=\"img-responsive wp-image-246 fusion-gallery-image-size-fixed\" \/><\/a><\/div><\/div><div style=\"padding:5px;\" class=\"fusion-grid-column fusion-gallery-column fusion-gallery-column-4 hover-type-zoomin\"><div class=\"fusion-gallery-image\"><a href=\"https:\/\/ekom-vzt.cz\/wp-content\/uploads\/2018\/03\/realizace_04.jpg\" rel=\"noreferrer\" data-rel=\"iLightbox[gallery_image_1]\" class=\"fusion-lightbox\" target=\"_self\"><img src=\"https:\/\/ekom-vzt.cz\/wp-content\/uploads\/2018\/03\/realizace_04-320x202.jpg\" width=\"320\" height=\"202\" alt=\"\" title=\"realizace_04\" aria-label=\"realizace_04\" class=\"img-responsive wp-image-247 fusion-gallery-image-size-fixed\" \/><\/a><\/div><\/div><div class=\"clearfix\"><\/div><div style=\"padding:5px;\" class=\"fusion-grid-column fusion-gallery-column fusion-gallery-column-4 hover-type-zoomin\"><div class=\"fusion-gallery-image\"><a href=\"https:\/\/ekom-vzt.cz\/wp-content\/uploads\/2018\/03\/realizace_05.jpg\" rel=\"noreferrer\" data-rel=\"iLightbox[gallery_image_1]\" class=\"fusion-lightbox\" target=\"_self\"><img src=\"https:\/\/ekom-vzt.cz\/wp-content\/uploads\/2018\/03\/realizace_05-320x202.jpg\" width=\"320\" height=\"202\" alt=\"\" title=\"realizace_05\" aria-label=\"realizace_05\" class=\"img-responsive wp-image-248 fusion-gallery-image-size-fixed\" \/><\/a><\/div><\/div><div style=\"padding:5px;\" class=\"fusion-grid-column fusion-gallery-column fusion-gallery-column-4 hover-type-zoomin\"><div class=\"fusion-gallery-image\"><a href=\"https:\/\/ekom-vzt.cz\/wp-content\/uploads\/2018\/03\/realizace_06.jpg\" rel=\"noreferrer\" data-rel=\"iLightbox[gallery_image_1]\" class=\"fusion-lightbox\" target=\"_self\"><img src=\"https:\/\/ekom-vzt.cz\/wp-content\/uploads\/2018\/03\/realizace_06-320x202.jpg\" width=\"320\" height=\"202\" alt=\"\" title=\"realizace_06\" aria-label=\"realizace_06\" class=\"img-responsive wp-image-249 fusion-gallery-image-size-fixed\" \/><\/a><\/div><\/div><div style=\"padding:5px;\" class=\"fusion-grid-column fusion-gallery-column fusion-gallery-column-4 hover-type-zoomin\"><div class=\"fusion-gallery-image\"><a href=\"https:\/\/ekom-vzt.cz\/wp-content\/uploads\/2018\/03\/realizace_07.jpg\" rel=\"noreferrer\" data-rel=\"iLightbox[gallery_image_1]\" class=\"fusion-lightbox\" target=\"_self\"><img src=\"https:\/\/ekom-vzt.cz\/wp-content\/uploads\/2018\/03\/realizace_07-320x202.jpg\" width=\"320\" height=\"202\" alt=\"\" title=\"realizace_07\" aria-label=\"realizace_07\" class=\"img-responsive wp-image-250 fusion-gallery-image-size-fixed\" \/><\/a><\/div><\/div><div style=\"padding:5px;\" class=\"fusion-grid-column fusion-gallery-column fusion-gallery-column-4 hover-type-zoomin\"><div class=\"fusion-gallery-image\"><a href=\"https:\/\/ekom-vzt.cz\/wp-content\/uploads\/2018\/03\/realizace_08.jpg\" rel=\"noreferrer\" data-rel=\"iLightbox[gallery_image_1]\" class=\"fusion-lightbox\" target=\"_self\"><img src=\"https:\/\/ekom-vzt.cz\/wp-content\/uploads\/2018\/03\/realizace_08-320x202.jpg\" width=\"320\" height=\"202\" alt=\"\" title=\"realizace_08\" aria-label=\"realizace_08\" class=\"img-responsive wp-image-251 fusion-gallery-image-size-fixed\" \/><\/a><\/div><\/div><div class=\"clearfix\"><\/div><div style=\"padding:5px;\" class=\"fusion-grid-column fusion-gallery-column fusion-gallery-column-4 hover-type-zoomin\"><div class=\"fusion-gallery-image\"><a href=\"https:\/\/ekom-vzt.cz\/wp-content\/uploads\/2018\/03\/realizace_09.jpg\" rel=\"noreferrer\" data-rel=\"iLightbox[gallery_image_1]\" class=\"fusion-lightbox\" target=\"_self\"><img src=\"https:\/\/ekom-vzt.cz\/wp-content\/uploads\/2018\/03\/realizace_09-320x202.jpg\" width=\"320\" height=\"202\" alt=\"\" title=\"realizace_09\" aria-label=\"realizace_09\" class=\"img-responsive wp-image-252 fusion-gallery-image-size-fixed\" \/><\/a><\/div><\/div><div style=\"padding:5px;\" class=\"fusion-grid-column fusion-gallery-column fusion-gallery-column-4 hover-type-zoomin\"><div class=\"fusion-gallery-image\"><a href=\"https:\/\/ekom-vzt.cz\/wp-content\/uploads\/2018\/03\/realizace_11.jpg\" rel=\"noreferrer\" data-rel=\"iLightbox[gallery_image_1]\" class=\"fusion-lightbox\" target=\"_self\"><img src=\"https:\/\/ekom-vzt.cz\/wp-content\/uploads\/2018\/03\/realizace_11-320x202.jpg\" width=\"320\" height=\"202\" alt=\"\" title=\"realizace_11\" aria-label=\"realizace_11\" class=\"img-responsive wp-image-254 fusion-gallery-image-size-fixed\" \/><\/a><\/div><\/div><div style=\"padding:5px;\" class=\"fusion-grid-column fusion-gallery-column fusion-gallery-column-4 hover-type-zoomin\"><div class=\"fusion-gallery-image\"><a href=\"https:\/\/ekom-vzt.cz\/wp-content\/uploads\/2018\/03\/realizace_13.jpg\" rel=\"noreferrer\" data-rel=\"iLightbox[gallery_image_1]\" class=\"fusion-lightbox\" target=\"_self\"><img src=\"https:\/\/ekom-vzt.cz\/wp-content\/uploads\/2018\/03\/realizace_13-320x202.jpg\" width=\"320\" height=\"202\" alt=\"\" title=\"realizace_13\" aria-label=\"realizace_13\" class=\"img-responsive wp-image-256 fusion-gallery-image-size-fixed\" \/><\/a><\/div><\/div><div style=\"padding:5px;\" class=\"fusion-grid-column fusion-gallery-column fusion-gallery-column-4 hover-type-zoomin\"><div class=\"fusion-gallery-image\"><a href=\"https:\/\/ekom-vzt.cz\/wp-content\/uploads\/2018\/03\/realizace_16.jpg\" rel=\"noreferrer\" data-rel=\"iLightbox[gallery_image_1]\" class=\"fusion-lightbox\" target=\"_self\"><img src=\"https:\/\/ekom-vzt.cz\/wp-content\/uploads\/2018\/03\/realizace_16-320x202.jpg\" width=\"320\" height=\"202\" alt=\"\" title=\"realizace_16\" aria-label=\"realizace_16\" class=\"img-responsive wp-image-259 fusion-gallery-image-size-fixed\" \/><\/a><\/div><\/div><div class=\"clearfix\"><\/div><div style=\"padding:5px;\" class=\"fusion-grid-column fusion-gallery-column fusion-gallery-column-4 hover-type-zoomin\"><div class=\"fusion-gallery-image\"><a href=\"https:\/\/ekom-vzt.cz\/wp-content\/uploads\/2018\/03\/realizace_17.jpg\" rel=\"noreferrer\" data-rel=\"iLightbox[gallery_image_1]\" class=\"fusion-lightbox\" target=\"_self\"><img src=\"https:\/\/ekom-vzt.cz\/wp-content\/uploads\/2018\/03\/realizace_17-320x202.jpg\" width=\"320\" height=\"202\" alt=\"\" title=\"realizace_17\" aria-label=\"realizace_17\" class=\"img-responsive wp-image-260 fusion-gallery-image-size-fixed\" \/><\/a><\/div><\/div><div style=\"padding:5px;\" class=\"fusion-grid-column fusion-gallery-column fusion-gallery-column-4 hover-type-zoomin\"><div class=\"fusion-gallery-image\"><a href=\"https:\/\/ekom-vzt.cz\/wp-content\/uploads\/2018\/03\/realizace_19.jpg\" rel=\"noreferrer\" data-rel=\"iLightbox[gallery_image_1]\" class=\"fusion-lightbox\" target=\"_self\"><img src=\"https:\/\/ekom-vzt.cz\/wp-content\/uploads\/2018\/03\/realizace_19-320x202.jpg\" width=\"320\" height=\"202\" alt=\"\" title=\"realizace_19\" aria-label=\"realizace_19\" class=\"img-responsive wp-image-262 fusion-gallery-image-size-fixed\" \/><\/a><\/div><\/div><div style=\"padding:5px;\" class=\"fusion-grid-column fusion-gallery-column fusion-gallery-column-4 hover-type-zoomin\"><div class=\"fusion-gallery-image\"><a href=\"https:\/\/ekom-vzt.cz\/wp-content\/uploads\/2018\/03\/realizace_20.jpg\" rel=\"noreferrer\" data-rel=\"iLightbox[gallery_image_1]\" class=\"fusion-lightbox\" target=\"_self\"><img src=\"https:\/\/ekom-vzt.cz\/wp-content\/uploads\/2018\/03\/realizace_20-320x202.jpg\" width=\"320\" height=\"202\" alt=\"\" title=\"realizace_20\" aria-label=\"realizace_20\" class=\"img-responsive wp-image-263 fusion-gallery-image-size-fixed\" \/><\/a><\/div><\/div><div style=\"padding:5px;\" class=\"fusion-grid-column fusion-gallery-column fusion-gallery-column-4 hover-type-zoomin\"><div class=\"fusion-gallery-image\"><a href=\"https:\/\/ekom-vzt.cz\/wp-content\/uploads\/2018\/03\/realizace_26.jpg\" rel=\"noreferrer\" data-rel=\"iLightbox[gallery_image_1]\" class=\"fusion-lightbox\" target=\"_self\"><img src=\"https:\/\/ekom-vzt.cz\/wp-content\/uploads\/2018\/03\/realizace_26-320x202.jpg\" width=\"320\" height=\"202\" alt=\"\" title=\"realizace_26\" aria-label=\"realizace_26\" class=\"img-responsive wp-image-269 fusion-gallery-image-size-fixed\" \/><\/a><\/div><\/div><div class=\"clearfix\"><\/div><div style=\"padding:5px;\" class=\"fusion-grid-column fusion-gallery-column fusion-gallery-column-4 hover-type-zoomin\"><div class=\"fusion-gallery-image\"><a href=\"https:\/\/ekom-vzt.cz\/wp-content\/uploads\/2018\/03\/realizace_28.jpg\" rel=\"noreferrer\" data-rel=\"iLightbox[gallery_image_1]\" class=\"fusion-lightbox\" target=\"_self\"><img src=\"https:\/\/ekom-vzt.cz\/wp-content\/uploads\/2018\/03\/realizace_28-320x202.jpg\" width=\"320\" height=\"202\" alt=\"\" title=\"realizace_28\" aria-label=\"realizace_28\" class=\"img-responsive wp-image-271 fusion-gallery-image-size-fixed\" \/><\/a><\/div><\/div><div style=\"padding:5px;\" class=\"fusion-grid-column fusion-gallery-column fusion-gallery-column-4 hover-type-zoomin\"><div class=\"fusion-gallery-image\"><a href=\"https:\/\/ekom-vzt.cz\/wp-content\/uploads\/2018\/03\/realizace_31.jpg\" rel=\"noreferrer\" data-rel=\"iLightbox[gallery_image_1]\" class=\"fusion-lightbox\" target=\"_self\"><img src=\"https:\/\/ekom-vzt.cz\/wp-content\/uploads\/2018\/03\/realizace_31-320x202.jpg\" width=\"320\" height=\"202\" alt=\"\" title=\"realizace_31\" aria-label=\"realizace_31\" class=\"img-responsive wp-image-274 fusion-gallery-image-size-fixed\" \/><\/a><\/div><\/div><div style=\"padding:5px;\" class=\"fusion-grid-column fusion-gallery-column fusion-gallery-column-4 hover-type-zoomin\"><div class=\"fusion-gallery-image\"><a href=\"https:\/\/ekom-vzt.cz\/wp-content\/uploads\/2018\/03\/realizace_32.jpg\" rel=\"noreferrer\" data-rel=\"iLightbox[gallery_image_1]\" class=\"fusion-lightbox\" target=\"_self\"><img src=\"https:\/\/ekom-vzt.cz\/wp-content\/uploads\/2018\/03\/realizace_32-320x202.jpg\" width=\"320\" height=\"202\" alt=\"\" title=\"realizace_32\" aria-label=\"realizace_32\" class=\"img-responsive wp-image-275 fusion-gallery-image-size-fixed\" \/><\/a><\/div><\/div><div style=\"padding:5px;\" class=\"fusion-grid-column fusion-gallery-column fusion-gallery-column-4 hover-type-zoomin\"><div class=\"fusion-gallery-image\"><a href=\"https:\/\/ekom-vzt.cz\/wp-content\/uploads\/2018\/03\/realizace_35.jpg\" rel=\"noreferrer\" data-rel=\"iLightbox[gallery_image_1]\" class=\"fusion-lightbox\" target=\"_self\"><img src=\"https:\/\/ekom-vzt.cz\/wp-content\/uploads\/2018\/03\/realizace_35-320x202.jpg\" width=\"320\" height=\"202\" alt=\"\" title=\"realizace_35\" aria-label=\"realizace_35\" class=\"img-responsive wp-image-278 fusion-gallery-image-size-fixed\" \/><\/a><\/div><\/div><div class=\"clearfix\"><\/div><\/div><div class=\"fusion-clearfix\"><\/div><\/div><\/div><\/div><\/div><div class=\"fusion-fullwidth fullwidth-box fusion-builder-row-2 nonhundred-percent-fullwidth non-hundred-percent-height-scrolling\" style=\"background-color: rgba(255,255,255,0);background-position: center center;background-repeat: no-repeat;padding-top:0px;padding-right:0px;padding-bottom:0px;padding-left:0px;margin-bottom: 0px;margin-top: 0px;border-width: 0px 0px 0px 0px;border-color:#eae9e9;border-style:solid;\" ><div class=\"fusion-builder-row fusion-row\"><div class=\"fusion-layout-column fusion_builder_column fusion-builder-column-1 fusion_builder_column_1_1 1_1 fusion-one-full fusion-column-first fusion-column-last\" style=\"margin-top:0px;margin-bottom:20px;\"><div class=\"fusion-column-wrapper fusion-flex-column-wrapper-legacy\" style=\"background-position:left top;background-repeat:no-repeat;-webkit-background-size:cover;-moz-background-size:cover;-o-background-size:cover;background-size:cover;padding: 0px 0px 0px 0px;\"><style type=\"text\/css\"><\/style><div class=\"fusion-title title fusion-title-2 fusion-sep-none fusion-title-center fusion-title-text fusion-title-size-two\" style=\"margin-top:0px;margin-right:0px;margin-bottom:31px;margin-left:0px;\"><h2 class=\"title-heading-center fusion-responsive-typography-calculated\" style=\"margin:0;--fontSize:34;line-height:1.4;\">Products<\/h2><\/div><style type=\"text\/css\">.fusion-gallery-2 .fusion-gallery-image {border:0px solid #e2e2e2;}<\/style><div class=\"fusion-gallery fusion-gallery-container fusion-grid-4 fusion-columns-total-15 fusion-gallery-layout-grid fusion-gallery-2\" style=\"margin:-5px;\"><div style=\"padding:5px;\" class=\"fusion-grid-column fusion-gallery-column fusion-gallery-column-4 hover-type-zoomin\"><div class=\"fusion-gallery-image\"><a href=\"https:\/\/ekom-vzt.cz\/wp-content\/uploads\/2018\/05\/\u017daluzie-pozink.jpg\" rel=\"noreferrer\" data-rel=\"iLightbox[gallery_image_2]\" class=\"fusion-lightbox\" target=\"_self\"><img src=\"https:\/\/ekom-vzt.cz\/wp-content\/uploads\/2018\/05\/\u017daluzie-pozink-320x202.jpg\" width=\"320\" height=\"202\" alt=\"\" title=\"\u017daluzie pozink\" aria-label=\"\u017daluzie pozink\" class=\"img-responsive wp-image-769 fusion-gallery-image-size-fixed\" \/><\/a><\/div><\/div><div style=\"padding:5px;\" class=\"fusion-grid-column fusion-gallery-column fusion-gallery-column-4 hover-type-zoomin\"><div class=\"fusion-gallery-image\"><a href=\"https:\/\/ekom-vzt.cz\/wp-content\/uploads\/2018\/05\/Kryc\u00ed-m\u0159\u00ed\u017eka-1.jpg\" rel=\"noreferrer\" data-rel=\"iLightbox[gallery_image_2]\" class=\"fusion-lightbox\" target=\"_self\"><img src=\"https:\/\/ekom-vzt.cz\/wp-content\/uploads\/2018\/05\/Kryc\u00ed-m\u0159\u00ed\u017eka-1-320x202.jpg\" width=\"320\" height=\"202\" alt=\"\" title=\"Kryc\u00ed m\u0159\u00ed\u017eka\" aria-label=\"Kryc\u00ed m\u0159\u00ed\u017eka\" class=\"img-responsive wp-image-768 fusion-gallery-image-size-fixed\" \/><\/a><\/div><\/div><div style=\"padding:5px;\" class=\"fusion-grid-column fusion-gallery-column fusion-gallery-column-4 hover-type-zoomin\"><div class=\"fusion-gallery-image\"><a href=\"https:\/\/ekom-vzt.cz\/wp-content\/uploads\/2018\/05\/SPK.jpg\" rel=\"noreferrer\" data-rel=\"iLightbox[gallery_image_2]\" class=\"fusion-lightbox\" target=\"_self\"><img src=\"https:\/\/ekom-vzt.cz\/wp-content\/uploads\/2018\/05\/SPK-320x202.jpg\" width=\"320\" height=\"202\" alt=\"\" title=\"SPK\" aria-label=\"SPK\" class=\"img-responsive wp-image-757 fusion-gallery-image-size-fixed\" \/><\/a><\/div><\/div><div style=\"padding:5px;\" class=\"fusion-grid-column fusion-gallery-column fusion-gallery-column-4 hover-type-zoomin\"><div class=\"fusion-gallery-image\"><a href=\"https:\/\/ekom-vzt.cz\/wp-content\/uploads\/2018\/05\/RKT-250.jpg\" rel=\"noreferrer\" data-rel=\"iLightbox[gallery_image_2]\" class=\"fusion-lightbox\" target=\"_self\"><img src=\"https:\/\/ekom-vzt.cz\/wp-content\/uploads\/2018\/05\/RKT-250-320x202.jpg\" width=\"320\" height=\"202\" alt=\"\" title=\"RKT 250\" aria-label=\"RKT 250\" class=\"img-responsive wp-image-755 fusion-gallery-image-size-fixed\" \/><\/a><\/div><\/div><div class=\"clearfix\"><\/div><div style=\"padding:5px;\" class=\"fusion-grid-column fusion-gallery-column fusion-gallery-column-4 hover-type-zoomin\"><div class=\"fusion-gallery-image\"><a href=\"https:\/\/ekom-vzt.cz\/wp-content\/uploads\/2018\/05\/P\u017dA-P.jpg\" rel=\"noreferrer\" data-rel=\"iLightbox[gallery_image_2]\" class=\"fusion-lightbox\" target=\"_self\"><img src=\"https:\/\/ekom-vzt.cz\/wp-content\/uploads\/2018\/05\/P\u017dA-P-320x202.jpg\" width=\"320\" height=\"202\" alt=\"\" title=\"P\u017dA-P\" aria-label=\"P\u017dA-P\" class=\"img-responsive wp-image-753 fusion-gallery-image-size-fixed\" \/><\/a><\/div><\/div><div style=\"padding:5px;\" class=\"fusion-grid-column fusion-gallery-column fusion-gallery-column-4 hover-type-zoomin\"><div class=\"fusion-gallery-image\"><a href=\"https:\/\/ekom-vzt.cz\/wp-content\/uploads\/2018\/05\/P\u017dA-P-II.jpg\" rel=\"noreferrer\" data-rel=\"iLightbox[gallery_image_2]\" class=\"fusion-lightbox\" target=\"_self\"><img src=\"https:\/\/ekom-vzt.cz\/wp-content\/uploads\/2018\/05\/P\u017dA-P-II-320x202.jpg\" width=\"320\" height=\"202\" alt=\"\" title=\"P\u017dA-P II\" aria-label=\"P\u017dA-P II\" class=\"img-responsive wp-image-752 fusion-gallery-image-size-fixed\" \/><\/a><\/div><\/div><div style=\"padding:5px;\" class=\"fusion-grid-column fusion-gallery-column fusion-gallery-column-4 hover-type-zoomin\"><div class=\"fusion-gallery-image\"><a href=\"https:\/\/ekom-vzt.cz\/wp-content\/uploads\/2018\/05\/P\u017dA-K-II.jpg\" rel=\"noreferrer\" data-rel=\"iLightbox[gallery_image_2]\" class=\"fusion-lightbox\" target=\"_self\"><img src=\"https:\/\/ekom-vzt.cz\/wp-content\/uploads\/2018\/05\/P\u017dA-K-II-320x202.jpg\" width=\"320\" height=\"202\" alt=\"\" title=\"P\u017dA-K II\" aria-label=\"P\u017dA-K II\" class=\"img-responsive wp-image-751 fusion-gallery-image-size-fixed\" \/><\/a><\/div><\/div><div style=\"padding:5px;\" class=\"fusion-grid-column fusion-gallery-column fusion-gallery-column-4 hover-type-zoomin\"><div class=\"fusion-gallery-image\"><a href=\"https:\/\/ekom-vzt.cz\/wp-content\/uploads\/2018\/05\/P\u017dA-K.jpg\" rel=\"noreferrer\" data-rel=\"iLightbox[gallery_image_2]\" class=\"fusion-lightbox\" target=\"_self\"><img src=\"https:\/\/ekom-vzt.cz\/wp-content\/uploads\/2018\/05\/P\u017dA-K-320x202.jpg\" width=\"320\" height=\"202\" alt=\"\" title=\"P\u017dA &#8211; K\" aria-label=\"P\u017dA &#8211; K\" class=\"img-responsive wp-image-750 fusion-gallery-image-size-fixed\" \/><\/a><\/div><\/div><div class=\"clearfix\"><\/div><div style=\"padding:5px;\" class=\"fusion-grid-column fusion-gallery-column fusion-gallery-column-4 hover-type-zoomin\"><div class=\"fusion-gallery-image\"><a href=\"https:\/\/ekom-vzt.cz\/wp-content\/uploads\/2018\/05\/Regula\u010dn\u00ed-\u0161oup\u00e1tko-1.jpg\" rel=\"noreferrer\" data-rel=\"iLightbox[gallery_image_2]\" class=\"fusion-lightbox\" target=\"_self\"><img src=\"https:\/\/ekom-vzt.cz\/wp-content\/uploads\/2018\/05\/Regula\u010dn\u00ed-\u0161oup\u00e1tko-1-320x202.jpg\" width=\"320\" height=\"202\" alt=\"\" title=\"Regula\u010dn\u00ed \u0161oup\u00e1tko\" aria-label=\"Regula\u010dn\u00ed \u0161oup\u00e1tko\" class=\"img-responsive wp-image-749 fusion-gallery-image-size-fixed\" \/><\/a><\/div><\/div><div style=\"padding:5px;\" class=\"fusion-grid-column fusion-gallery-column fusion-gallery-column-4 hover-type-zoomin\"><div class=\"fusion-gallery-image\"><a href=\"https:\/\/ekom-vzt.cz\/wp-content\/uploads\/2018\/05\/Klapka-na-kruhov\u00e9-potrub\u00ed.jpg\" rel=\"noreferrer\" data-rel=\"iLightbox[gallery_image_2]\" class=\"fusion-lightbox\" target=\"_self\"><img src=\"https:\/\/ekom-vzt.cz\/wp-content\/uploads\/2018\/05\/Klapka-na-kruhov\u00e9-potrub\u00ed-320x202.jpg\" width=\"320\" height=\"202\" alt=\"\" title=\"Klapka na kruhov\u00e9 potrub\u00ed\" aria-label=\"Klapka na kruhov\u00e9 potrub\u00ed\" class=\"img-responsive wp-image-745 fusion-gallery-image-size-fixed\" \/><\/a><\/div><\/div><div style=\"padding:5px;\" class=\"fusion-grid-column fusion-gallery-column fusion-gallery-column-4 hover-type-zoomin\"><div class=\"fusion-gallery-image\"><a href=\"https:\/\/ekom-vzt.cz\/wp-content\/uploads\/2018\/05\/v\u00fdfukov\u00e1-st\u0159\u00ed\u0161ka.jpg\" rel=\"noreferrer\" data-rel=\"iLightbox[gallery_image_2]\" class=\"fusion-lightbox\" target=\"_self\"><img src=\"https:\/\/ekom-vzt.cz\/wp-content\/uploads\/2018\/05\/v\u00fdfukov\u00e1-st\u0159\u00ed\u0161ka-320x202.jpg\" width=\"320\" height=\"202\" alt=\"\" title=\"v\u00fdfukov\u00e1 st\u0159\u00ed\u0161ka\" aria-label=\"v\u00fdfukov\u00e1 st\u0159\u00ed\u0161ka\" class=\"img-responsive wp-image-740 fusion-gallery-image-size-fixed\" \/><\/a><\/div><\/div><div style=\"padding:5px;\" class=\"fusion-grid-column fusion-gallery-column fusion-gallery-column-4 hover-type-zoomin\"><div class=\"fusion-gallery-image\"><a href=\"https:\/\/ekom-vzt.cz\/wp-content\/uploads\/2018\/05\/Regula\u010dn\u00ed-klapky-jednolist\u00e9.jpg\" rel=\"noreferrer\" data-rel=\"iLightbox[gallery_image_2]\" class=\"fusion-lightbox\" target=\"_self\"><img src=\"https:\/\/ekom-vzt.cz\/wp-content\/uploads\/2018\/05\/Regula\u010dn\u00ed-klapky-jednolist\u00e9-320x202.jpg\" width=\"320\" height=\"202\" alt=\"\" title=\"Regula\u010dn\u00ed klapky jednolist\u00e9\" aria-label=\"Regula\u010dn\u00ed klapky jednolist\u00e9\" class=\"img-responsive wp-image-738 fusion-gallery-image-size-fixed\" \/><\/a><\/div><\/div><div class=\"clearfix\"><\/div><div style=\"padding:5px;\" class=\"fusion-grid-column fusion-gallery-column fusion-gallery-column-4 hover-type-zoomin\"><div class=\"fusion-gallery-image\"><a href=\"https:\/\/ekom-vzt.cz\/wp-content\/uploads\/2018\/05\/Zvlh\u010dova\u010d.jpg\" rel=\"noreferrer\" data-rel=\"iLightbox[gallery_image_2]\" class=\"fusion-lightbox\" target=\"_self\"><img src=\"https:\/\/ekom-vzt.cz\/wp-content\/uploads\/2018\/05\/Zvlh\u010dova\u010d-320x202.jpg\" width=\"320\" height=\"202\" alt=\"\" title=\"Zvlh\u010dova\u010d\" aria-label=\"Zvlh\u010dova\u010d\" class=\"img-responsive wp-image-723 fusion-gallery-image-size-fixed\" \/><\/a><\/div><\/div><div style=\"padding:5px;\" class=\"fusion-grid-column fusion-gallery-column fusion-gallery-column-4 hover-type-zoomin\"><div class=\"fusion-gallery-image\"><a href=\"https:\/\/ekom-vzt.cz\/wp-content\/uploads\/2018\/04\/IMG_4678-1.jpg\" rel=\"noreferrer\" data-rel=\"iLightbox[gallery_image_2]\" class=\"fusion-lightbox\" target=\"_self\"><img src=\"https:\/\/ekom-vzt.cz\/wp-content\/uploads\/2018\/04\/IMG_4678-1-320x202.jpg\" width=\"320\" height=\"202\" alt=\"\" title=\"IMG_4678\" aria-label=\"IMG_4678\" class=\"img-responsive wp-image-604 fusion-gallery-image-size-fixed\" \/><\/a><\/div><\/div><div style=\"padding:5px;\" class=\"fusion-grid-column fusion-gallery-column fusion-gallery-column-4 hover-type-zoomin\"><div class=\"fusion-gallery-image\"><a href=\"https:\/\/ekom-vzt.cz\/wp-content\/uploads\/2018\/04\/RKr.jpg\" rel=\"noreferrer\" data-rel=\"iLightbox[gallery_image_2]\" class=\"fusion-lightbox\" target=\"_self\"><img src=\"https:\/\/ekom-vzt.cz\/wp-content\/uploads\/2018\/04\/RKr-320x202.jpg\" width=\"320\" height=\"202\" alt=\"\" title=\"RKr\" aria-label=\"RKr\" class=\"img-responsive wp-image-577 fusion-gallery-image-size-fixed\" \/><\/a><\/div><\/div><\/div><div class=\"fusion-clearfix\"><\/div><\/div><\/div><\/div><\/div><\/p>\n","protected":false},"excerpt":{"rendered":"","protected":false},"author":3,"featured_media":0,"parent":0,"menu_order":0,"comment_status":"closed","ping_status":"closed","template":"100-width.php","meta":[],"_links":{"self":[{"href":"https:\/\/ekom-vzt.cz\/en\/wp-json\/wp\/v2\/pages\/1452"}],"collection":[{"href":"https:\/\/ekom-vzt.cz\/en\/wp-json\/wp\/v2\/pages"}],"about":[{"href":"https:\/\/ekom-vzt.cz\/en\/wp-json\/wp\/v2\/types\/page"}],"author":[{"embeddable":true,"href":"https:\/\/ekom-vzt.cz\/en\/wp-json\/wp\/v2\/users\/3"}],"replies":[{"embeddable":true,"href":"https:\/\/ekom-vzt.cz\/en\/wp-json\/wp\/v2\/comments?post=1452"}],"version-history":[{"count":3,"href":"https:\/\/ekom-vzt.cz\/en\/wp-json\/wp\/v2\/pages\/1452\/revisions"}],"predecessor-version":[{"id":1492,"href":"https:\/\/ekom-vzt.cz\/en\/wp-json\/wp\/v2\/pages\/1452\/revisions\/1492"}],"wp:attachment":[{"href":"https:\/\/ekom-vzt.cz\/en\/wp-json\/wp\/v2\/media?parent=1452"}],"curies":[{"name":"wp","href":"https:\/\/api.w.org\/{rel}","templated":true}]}}